{"id":1648,"date":"2021-06-08T17:48:29","date_gmt":"2021-06-08T17:48:29","guid":{"rendered":"http:\/\/wordpress.ets.pixinn.lt\/?page_id=1648"},"modified":"2021-06-19T07:39:13","modified_gmt":"2021-06-19T07:39:13","slug":"matavimai","status":"publish","type":"page","link":"https:\/\/etssprendimai.lt\/index.php\/matavimai\/","title":{"rendered":"In\u017einerini\u0173 sistem\u0173 montavimas"},"content":{"rendered":"\t\t<div data-elementor-type=\"wp-page\" data-elementor-id=\"1648\" class=\"elementor elementor-1648\">\n\t\t\t\t\t\t<section class=\"elementor-section elementor-top-section elementor-element elementor-element-33b8072 elementor-section-full_width elementor-section-height-min-height elementor-section-content-middle elementor-section-stretched elementor-section-height-default elementor-section-items-middle\" data-id=\"33b8072\" data-element_type=\"section\" data-settings=\"{&quot;stretch_section&quot;:&quot;section-stretched&quot;,&quot;background_background&quot;:&quot;classic&quot;}\">\n\t\t\t\t\t\t<div class=\"elementor-container elementor-column-gap-default\">\n\t\t\t\t\t<div class=\"elementor-column elementor-col-100 elementor-top-column elementor-element elementor-element-7f386ca\" data-id=\"7f386ca\" data-element_type=\"column\">\n\t\t\t<div class=\"elementor-widget-wrap elementor-element-populated\">\n\t\t\t\t\t\t<div class=\"elementor-element elementor-element-556fb43 elementor-widget elementor-widget-heading\" data-id=\"556fb43\" data-element_type=\"widget\" data-widget_type=\"heading.default\">\n\t\t\t\t<div class=\"elementor-widget-container\">\n\t\t\t\t\t<h1 class=\"elementor-heading-title elementor-size-default\"><u><br><\/u>MONTAVIMAS<\/h1>\t\t\t\t<\/div>\n\t\t\t\t<\/div>\n\t\t\t\t\t<\/div>\n\t\t<\/div>\n\t\t\t\t\t<\/div>\n\t\t<\/section>\n\t\t\t\t<section class=\"elementor-section elementor-top-section elementor-element elementor-element-bbbc306 elementor-section-full_width elementor-section-stretched elementor-section-height-default elementor-section-height-default\" data-id=\"bbbc306\" data-element_type=\"section\" data-settings=\"{&quot;background_background&quot;:&quot;classic&quot;,&quot;stretch_section&quot;:&quot;section-stretched&quot;}\">\n\t\t\t\t\t\t<div class=\"elementor-container elementor-column-gap-default\">\n\t\t\t\t\t<div class=\"elementor-column elementor-col-100 elementor-top-column elementor-element elementor-element-d59497e\" data-id=\"d59497e\" data-element_type=\"column\">\n\t\t\t<div class=\"elementor-widget-wrap elementor-element-populated\">\n\t\t\t\t\t\t<div class=\"elementor-element elementor-element-81dc143 elementor-widget elementor-widget-heading\" data-id=\"81dc143\" data-element_type=\"widget\" data-widget_type=\"heading.default\">\n\t\t\t\t<div class=\"elementor-widget-container\">\n\t\t\t\t\t<h3 class=\"elementor-heading-title elementor-size-default\"><p style=\"line-height: 1.4;, _fb_, auto;font-size: 32.3259px\"><\/p><ul><li><span class=\"JsGRdQ\" style=\"font-weight: 400\">Vidaus ir lauko elektros tinklai iki 10kV;<\/span><\/li><li><span class=\"JsGRdQ\" style=\"font-weight: 400\">Vidaus ir lauko elektroniniai ry\u0161iai;<\/span><\/li><li><span class=\"JsGRdQ\" style=\"font-weight: 400\">\u017daibosaugos sistemos ir \u012f\u017eeminimo tinklai;<\/span><\/li><li><span class=\"JsGRdQ\" style=\"font-weight: 400\">Transformatorin\u0117s pastot\u0117s ir skirstyklos;<\/span><\/li><li><span class=\"JsGRdQ\" style=\"font-weight: 400\">Apsaugin\u0117 ir gaisrin\u0117s saugos signalizacija;<\/span><\/li><li><span class=\"JsGRdQ\" style=\"font-weight: 400\">Vaizdo steb\u0117jimo sistemos;<\/span><\/li><li><span class=\"JsGRdQ\" style=\"font-weight: 400\">Proces\u0173 valdymo ir automatizavimo sistemos;<\/span><\/li><li><span class=\"JsGRdQ\" style=\"font-weight: 400\">Gatvi\u0173 ap\u0161vietimo sistemos;<\/span><\/li><li><span class=\"JsGRdQ\" style=\"font-weight: 400\">\u0160ynolaid\u017eiai;<\/span><\/li><li><span class=\"JsGRdQ\" style=\"font-weight: 400\">Reaktyvios galios kompensavimo \u012frenginiai;<\/span><\/li><li><span class=\"JsGRdQ\" style=\"font-weight: 400\">Atsinaujinan\u010dios energijos \u0161altiniai;<\/span><\/li><li><span class=\"JsGRdQ\" style=\"font-weight: 400\">Matavimai (elektros tinklo analiz\u0117, elektronini\u0173 ry\u0161i\u0173 tinklo analiz\u0117, izoliacijos var\u017eos ir \u012f\u017eeminimo matavimai).<\/span><\/li><\/ul><\/h3>\t\t\t\t<\/div>\n\t\t\t\t<\/div>\n\t\t\t\t\t<\/div>\n\t\t<\/div>\n\t\t\t\t\t<\/div>\n\t\t<\/section>\n\t\t\t\t<\/div>\n\t\t","protected":false},"excerpt":{"rendered":"<p>Montuojame \u012fvairaus sud\u0117tingumo pastat\u0173 in\u017einerines sistemas. Atliekame pastato in\u017einerini\u0173 sistem\u0173 modernizacijos, renovacijos bei rekonstrukcijos darbus.<\/p>\n","protected":false},"author":1,"featured_media":0,"parent":0,"menu_order":0,"comment_status":"closed","ping_status":"closed","template":"template-fullwidth.php","meta":{"footnotes":""},"yoast_head":"<!-- This site is optimized with the Yoast SEO plugin v21.3 - https:\/\/yoast.com\/wordpress\/plugins\/seo\/ -->\n<title>In\u017einerini\u0173 sistem\u0173 montavimas - Energijos taupymo servisas<\/title>\n<meta name=\"robots\" content=\"index, follow, max-snippet:-1, max-image-preview:large, max-video-preview:-1\" \/>\n<link rel=\"canonical\" href=\"https:\/\/etssprendimai.lt\/index.php\/matavimai\/\" \/>\n<meta property=\"og:locale\" content=\"en_GB\" \/>\n<meta property=\"og:type\" content=\"article\" \/>\n<meta property=\"og:title\" content=\"In\u017einerini\u0173 sistem\u0173 montavimas - Energijos taupymo servisas\" \/>\n<meta property=\"og:description\" content=\"Montuojame \u012fvairaus sud\u0117tingumo pastat\u0173 in\u017einerines sistemas. Atliekame pastato in\u017einerini\u0173 sistem\u0173 modernizacijos, renovacijos bei rekonstrukcijos darbus.\" \/>\n<meta property=\"og:url\" content=\"https:\/\/etssprendimai.lt\/index.php\/matavimai\/\" \/>\n<meta property=\"og:site_name\" content=\"Energijos taupymo servisas\" \/>\n<meta property=\"article:modified_time\" content=\"2021-06-19T07:39:13+00:00\" \/>\n<meta name=\"twitter:card\" content=\"summary_large_image\" \/>\n<script type=\"application\/ld+json\" class=\"yoast-schema-graph\">{\"@context\":\"https:\/\/schema.org\",\"@graph\":[{\"@type\":\"WebPage\",\"@id\":\"https:\/\/etssprendimai.lt\/index.php\/matavimai\/\",\"url\":\"https:\/\/etssprendimai.lt\/index.php\/matavimai\/\",\"name\":\"In\u017einerini\u0173 sistem\u0173 montavimas - Energijos taupymo servisas\",\"isPartOf\":{\"@id\":\"https:\/\/etssprendimai.lt\/#website\"},\"datePublished\":\"2021-06-08T17:48:29+00:00\",\"dateModified\":\"2021-06-19T07:39:13+00:00\",\"breadcrumb\":{\"@id\":\"https:\/\/etssprendimai.lt\/index.php\/matavimai\/#breadcrumb\"},\"inLanguage\":\"en-GB\",\"potentialAction\":[{\"@type\":\"ReadAction\",\"target\":[\"https:\/\/etssprendimai.lt\/index.php\/matavimai\/\"]}]},{\"@type\":\"BreadcrumbList\",\"@id\":\"https:\/\/etssprendimai.lt\/index.php\/matavimai\/#breadcrumb\",\"itemListElement\":[{\"@type\":\"ListItem\",\"position\":1,\"name\":\"Home\",\"item\":\"https:\/\/etssprendimai.lt\/\"},{\"@type\":\"ListItem\",\"position\":2,\"name\":\"In\u017einerini\u0173 sistem\u0173 montavimas\"}]},{\"@type\":\"WebSite\",\"@id\":\"https:\/\/etssprendimai.lt\/#website\",\"url\":\"https:\/\/etssprendimai.lt\/\",\"name\":\"Energijos taupymo servisas\",\"description\":\"\",\"publisher\":{\"@id\":\"https:\/\/etssprendimai.lt\/#organization\"},\"potentialAction\":[{\"@type\":\"SearchAction\",\"target\":{\"@type\":\"EntryPoint\",\"urlTemplate\":\"https:\/\/etssprendimai.lt\/?s={search_term_string}\"},\"query-input\":\"required name=search_term_string\"}],\"inLanguage\":\"en-GB\"},{\"@type\":\"Organization\",\"@id\":\"https:\/\/etssprendimai.lt\/#organization\",\"name\":\"Energijos taupymo servisas\",\"url\":\"https:\/\/etssprendimai.lt\/\",\"logo\":{\"@type\":\"ImageObject\",\"inLanguage\":\"en-GB\",\"@id\":\"https:\/\/etssprendimai.lt\/#\/schema\/logo\/image\/\",\"url\":\"https:\/\/etssprendimai.lt\/wp-content\/uploads\/2022\/09\/cropped-ETS-sprendimai_LOGO_1.png\",\"contentUrl\":\"https:\/\/etssprendimai.lt\/wp-content\/uploads\/2022\/09\/cropped-ETS-sprendimai_LOGO_1.png\",\"width\":1678,\"height\":460,\"caption\":\"Energijos taupymo servisas\"},\"image\":{\"@id\":\"https:\/\/etssprendimai.lt\/#\/schema\/logo\/image\/\"}}]}<\/script>\n<!-- \/ Yoast SEO plugin. -->","yoast_head_json":{"title":"In\u017einerini\u0173 sistem\u0173 montavimas - Energijos taupymo servisas","robots":{"index":"index","follow":"follow","max-snippet":"max-snippet:-1","max-image-preview":"max-image-preview:large","max-video-preview":"max-video-preview:-1"},"canonical":"https:\/\/etssprendimai.lt\/index.php\/matavimai\/","og_locale":"en_GB","og_type":"article","og_title":"In\u017einerini\u0173 sistem\u0173 montavimas - Energijos taupymo servisas","og_description":"Montuojame \u012fvairaus sud\u0117tingumo pastat\u0173 in\u017einerines sistemas. Atliekame pastato in\u017einerini\u0173 sistem\u0173 modernizacijos, renovacijos bei rekonstrukcijos darbus.","og_url":"https:\/\/etssprendimai.lt\/index.php\/matavimai\/","og_site_name":"Energijos taupymo servisas","article_modified_time":"2021-06-19T07:39:13+00:00","twitter_card":"summary_large_image","schema":{"@context":"https:\/\/schema.org","@graph":[{"@type":"WebPage","@id":"https:\/\/etssprendimai.lt\/index.php\/matavimai\/","url":"https:\/\/etssprendimai.lt\/index.php\/matavimai\/","name":"In\u017einerini\u0173 sistem\u0173 montavimas - Energijos taupymo servisas","isPartOf":{"@id":"https:\/\/etssprendimai.lt\/#website"},"datePublished":"2021-06-08T17:48:29+00:00","dateModified":"2021-06-19T07:39:13+00:00","breadcrumb":{"@id":"https:\/\/etssprendimai.lt\/index.php\/matavimai\/#breadcrumb"},"inLanguage":"en-GB","potentialAction":[{"@type":"ReadAction","target":["https:\/\/etssprendimai.lt\/index.php\/matavimai\/"]}]},{"@type":"BreadcrumbList","@id":"https:\/\/etssprendimai.lt\/index.php\/matavimai\/#breadcrumb","itemListElement":[{"@type":"ListItem","position":1,"name":"Home","item":"https:\/\/etssprendimai.lt\/"},{"@type":"ListItem","position":2,"name":"In\u017einerini\u0173 sistem\u0173 montavimas"}]},{"@type":"WebSite","@id":"https:\/\/etssprendimai.lt\/#website","url":"https:\/\/etssprendimai.lt\/","name":"Energijos taupymo servisas","description":"","publisher":{"@id":"https:\/\/etssprendimai.lt\/#organization"},"potentialAction":[{"@type":"SearchAction","target":{"@type":"EntryPoint","urlTemplate":"https:\/\/etssprendimai.lt\/?s={search_term_string}"},"query-input":"required name=search_term_string"}],"inLanguage":"en-GB"},{"@type":"Organization","@id":"https:\/\/etssprendimai.lt\/#organization","name":"Energijos taupymo servisas","url":"https:\/\/etssprendimai.lt\/","logo":{"@type":"ImageObject","inLanguage":"en-GB","@id":"https:\/\/etssprendimai.lt\/#\/schema\/logo\/image\/","url":"https:\/\/etssprendimai.lt\/wp-content\/uploads\/2022\/09\/cropped-ETS-sprendimai_LOGO_1.png","contentUrl":"https:\/\/etssprendimai.lt\/wp-content\/uploads\/2022\/09\/cropped-ETS-sprendimai_LOGO_1.png","width":1678,"height":460,"caption":"Energijos taupymo servisas"},"image":{"@id":"https:\/\/etssprendimai.lt\/#\/schema\/logo\/image\/"}}]}},"_links":{"self":[{"href":"https:\/\/etssprendimai.lt\/index.php\/wp-json\/wp\/v2\/pages\/1648"}],"collection":[{"href":"https:\/\/etssprendimai.lt\/index.php\/wp-json\/wp\/v2\/pages"}],"about":[{"href":"https:\/\/etssprendimai.lt\/index.php\/wp-json\/wp\/v2\/types\/page"}],"author":[{"embeddable":true,"href":"https:\/\/etssprendimai.lt\/index.php\/wp-json\/wp\/v2\/users\/1"}],"replies":[{"embeddable":true,"href":"https:\/\/etssprendimai.lt\/index.php\/wp-json\/wp\/v2\/comments?post=1648"}],"version-history":[{"count":22,"href":"https:\/\/etssprendimai.lt\/index.php\/wp-json\/wp\/v2\/pages\/1648\/revisions"}],"predecessor-version":[{"id":1920,"href":"https:\/\/etssprendimai.lt\/index.php\/wp-json\/wp\/v2\/pages\/1648\/revisions\/1920"}],"wp:attachment":[{"href":"https:\/\/etssprendimai.lt\/index.php\/wp-json\/wp\/v2\/media?parent=1648"}],"curies":[{"name":"wp","href":"https:\/\/api.w.org\/{rel}","templated":true}]}}