{"id":1652,"date":"2021-05-29T17:19:47","date_gmt":"2021-05-29T17:19:47","guid":{"rendered":"http:\/\/wordpress.ets.pixinn.lt\/?page_id=1652"},"modified":"2021-07-11T17:20:54","modified_gmt":"2021-07-11T17:20:54","slug":"apie-mus","status":"publish","type":"page","link":"https:\/\/etssprendimai.lt\/index.php\/apie-mus\/","title":{"rendered":"Nauda"},"content":{"rendered":"\t\t<div data-elementor-type=\"wp-page\" data-elementor-id=\"1652\" class=\"elementor elementor-1652\">\n\t\t\t\t\t\t<section class=\"elementor-section elementor-top-section elementor-element elementor-element-59d80b4 elementor-section-full_width elementor-section-height-min-height elementor-section-stretched elementor-section-height-default elementor-section-items-middle\" data-id=\"59d80b4\" data-element_type=\"section\" data-settings=\"{&quot;stretch_section&quot;:&quot;section-stretched&quot;,&quot;background_background&quot;:&quot;classic&quot;}\">\n\t\t\t\t\t\t<div class=\"elementor-container elementor-column-gap-default\">\n\t\t\t\t\t<div class=\"elementor-column elementor-col-100 elementor-top-column elementor-element elementor-element-8bffd6a\" data-id=\"8bffd6a\" data-element_type=\"column\">\n\t\t\t<div class=\"elementor-widget-wrap elementor-element-populated\">\n\t\t\t\t\t\t<div class=\"elementor-element elementor-element-d84798c elementor-widget elementor-widget-heading\" data-id=\"d84798c\" data-element_type=\"widget\" data-widget_type=\"heading.default\">\n\t\t\t\t<div class=\"elementor-widget-container\">\n\t\t\t\t\t<h1 class=\"elementor-heading-title elementor-size-default\"><br>APIE MUS<\/h1>\t\t\t\t<\/div>\n\t\t\t\t<\/div>\n\t\t\t\t<div class=\"elementor-element elementor-element-630c3b5 elementor-widget elementor-widget-heading\" data-id=\"630c3b5\" data-element_type=\"widget\" data-widget_type=\"heading.default\">\n\t\t\t\t<div class=\"elementor-widget-container\">\n\t\t\t\t\t<h2 class=\"elementor-heading-title elementor-size-medium\"><i>Energijos taupymo servisas \u2013 naujausi\u0173 ir pa\u017eangiausi\u0173 technologij\u0173 taikymas ir <\/i><br><i>realizavimas pastat\u0173 in\u017einerin\u0117se sistemose. <br><\/i><br><\/h2>\t\t\t\t<\/div>\n\t\t\t\t<\/div>\n\t\t\t\t\t<\/div>\n\t\t<\/div>\n\t\t\t\t\t<\/div>\n\t\t<\/section>\n\t\t\t\t<\/div>\n\t\t","protected":false},"excerpt":{"rendered":"<p>Savo darbe taikome tik naujas ir pasiteisinan\u010dias energijos taupymo technologijas visose in\u017einerin\u0117se pastato sistemose: nuo kondicionavimo iki nuotek\u0173. Detaliai i\u0161analizuojame kliento poreikius ir visada pasi\u016blome racionaliausius ir optimaliausius techninius sprendimus.<\/p>\n","protected":false},"author":1,"featured_media":1263,"parent":0,"menu_order":0,"comment_status":"closed","ping_status":"closed","template":"elementor_header_footer","meta":{"footnotes":""},"yoast_head":"<!-- This site is optimized with the Yoast SEO plugin v21.3 - https:\/\/yoast.com\/wordpress\/plugins\/seo\/ -->\n<title>Nauda - Energijos taupymo servisas<\/title>\n<meta name=\"robots\" content=\"index, follow, max-snippet:-1, max-image-preview:large, max-video-preview:-1\" \/>\n<link rel=\"canonical\" href=\"https:\/\/etssprendimai.lt\/index.php\/apie-mus\/\" \/>\n<meta property=\"og:locale\" content=\"en_GB\" \/>\n<meta property=\"og:type\" content=\"article\" \/>\n<meta property=\"og:title\" content=\"Nauda - Energijos taupymo servisas\" \/>\n<meta property=\"og:description\" content=\"Savo darbe taikome tik naujas ir pasiteisinan\u010dias energijos taupymo technologijas visose in\u017einerin\u0117se pastato sistemose: nuo kondicionavimo iki nuotek\u0173. Detaliai i\u0161analizuojame kliento poreikius ir visada pasi\u016blome racionaliausius ir optimaliausius techninius sprendimus.\" \/>\n<meta property=\"og:url\" content=\"https:\/\/etssprendimai.lt\/index.php\/apie-mus\/\" \/>\n<meta property=\"og:site_name\" content=\"Energijos taupymo servisas\" \/>\n<meta property=\"article:modified_time\" content=\"2021-07-11T17:20:54+00:00\" \/>\n<meta property=\"og:image\" content=\"https:\/\/etssprendimai.lt\/wp-content\/uploads\/2016\/10\/pexels-photo-106344.jpeg\" \/>\n\t<meta property=\"og:image:width\" content=\"1280\" \/>\n\t<meta property=\"og:image:height\" content=\"854\" \/>\n\t<meta property=\"og:image:type\" content=\"image\/jpeg\" \/>\n<meta name=\"twitter:card\" content=\"summary_large_image\" \/>\n<script type=\"application\/ld+json\" class=\"yoast-schema-graph\">{\"@context\":\"https:\/\/schema.org\",\"@graph\":[{\"@type\":\"WebPage\",\"@id\":\"https:\/\/etssprendimai.lt\/index.php\/apie-mus\/\",\"url\":\"https:\/\/etssprendimai.lt\/index.php\/apie-mus\/\",\"name\":\"Nauda - Energijos taupymo servisas\",\"isPartOf\":{\"@id\":\"https:\/\/etssprendimai.lt\/#website\"},\"datePublished\":\"2021-05-29T17:19:47+00:00\",\"dateModified\":\"2021-07-11T17:20:54+00:00\",\"breadcrumb\":{\"@id\":\"https:\/\/etssprendimai.lt\/index.php\/apie-mus\/#breadcrumb\"},\"inLanguage\":\"en-GB\",\"potentialAction\":[{\"@type\":\"ReadAction\",\"target\":[\"https:\/\/etssprendimai.lt\/index.php\/apie-mus\/\"]}]},{\"@type\":\"BreadcrumbList\",\"@id\":\"https:\/\/etssprendimai.lt\/index.php\/apie-mus\/#breadcrumb\",\"itemListElement\":[{\"@type\":\"ListItem\",\"position\":1,\"name\":\"Home\",\"item\":\"https:\/\/etssprendimai.lt\/\"},{\"@type\":\"ListItem\",\"position\":2,\"name\":\"Nauda\"}]},{\"@type\":\"WebSite\",\"@id\":\"https:\/\/etssprendimai.lt\/#website\",\"url\":\"https:\/\/etssprendimai.lt\/\",\"name\":\"Energijos taupymo servisas\",\"description\":\"\",\"publisher\":{\"@id\":\"https:\/\/etssprendimai.lt\/#organization\"},\"potentialAction\":[{\"@type\":\"SearchAction\",\"target\":{\"@type\":\"EntryPoint\",\"urlTemplate\":\"https:\/\/etssprendimai.lt\/?s={search_term_string}\"},\"query-input\":\"required name=search_term_string\"}],\"inLanguage\":\"en-GB\"},{\"@type\":\"Organization\",\"@id\":\"https:\/\/etssprendimai.lt\/#organization\",\"name\":\"Energijos taupymo servisas\",\"url\":\"https:\/\/etssprendimai.lt\/\",\"logo\":{\"@type\":\"ImageObject\",\"inLanguage\":\"en-GB\",\"@id\":\"https:\/\/etssprendimai.lt\/#\/schema\/logo\/image\/\",\"url\":\"https:\/\/etssprendimai.lt\/wp-content\/uploads\/2022\/09\/cropped-ETS-sprendimai_LOGO_1.png\",\"contentUrl\":\"https:\/\/etssprendimai.lt\/wp-content\/uploads\/2022\/09\/cropped-ETS-sprendimai_LOGO_1.png\",\"width\":1678,\"height\":460,\"caption\":\"Energijos taupymo servisas\"},\"image\":{\"@id\":\"https:\/\/etssprendimai.lt\/#\/schema\/logo\/image\/\"}}]}<\/script>\n<!-- \/ Yoast SEO plugin. -->","yoast_head_json":{"title":"Nauda - Energijos taupymo servisas","robots":{"index":"index","follow":"follow","max-snippet":"max-snippet:-1","max-image-preview":"max-image-preview:large","max-video-preview":"max-video-preview:-1"},"canonical":"https:\/\/etssprendimai.lt\/index.php\/apie-mus\/","og_locale":"en_GB","og_type":"article","og_title":"Nauda - Energijos taupymo servisas","og_description":"Savo darbe taikome tik naujas ir pasiteisinan\u010dias energijos taupymo technologijas visose in\u017einerin\u0117se pastato sistemose: nuo kondicionavimo iki nuotek\u0173. Detaliai i\u0161analizuojame kliento poreikius ir visada pasi\u016blome racionaliausius ir optimaliausius techninius sprendimus.","og_url":"https:\/\/etssprendimai.lt\/index.php\/apie-mus\/","og_site_name":"Energijos taupymo servisas","article_modified_time":"2021-07-11T17:20:54+00:00","og_image":[{"width":1280,"height":854,"url":"https:\/\/etssprendimai.lt\/wp-content\/uploads\/2016\/10\/pexels-photo-106344.jpeg","type":"image\/jpeg"}],"twitter_card":"summary_large_image","schema":{"@context":"https:\/\/schema.org","@graph":[{"@type":"WebPage","@id":"https:\/\/etssprendimai.lt\/index.php\/apie-mus\/","url":"https:\/\/etssprendimai.lt\/index.php\/apie-mus\/","name":"Nauda - Energijos taupymo servisas","isPartOf":{"@id":"https:\/\/etssprendimai.lt\/#website"},"datePublished":"2021-05-29T17:19:47+00:00","dateModified":"2021-07-11T17:20:54+00:00","breadcrumb":{"@id":"https:\/\/etssprendimai.lt\/index.php\/apie-mus\/#breadcrumb"},"inLanguage":"en-GB","potentialAction":[{"@type":"ReadAction","target":["https:\/\/etssprendimai.lt\/index.php\/apie-mus\/"]}]},{"@type":"BreadcrumbList","@id":"https:\/\/etssprendimai.lt\/index.php\/apie-mus\/#breadcrumb","itemListElement":[{"@type":"ListItem","position":1,"name":"Home","item":"https:\/\/etssprendimai.lt\/"},{"@type":"ListItem","position":2,"name":"Nauda"}]},{"@type":"WebSite","@id":"https:\/\/etssprendimai.lt\/#website","url":"https:\/\/etssprendimai.lt\/","name":"Energijos taupymo servisas","description":"","publisher":{"@id":"https:\/\/etssprendimai.lt\/#organization"},"potentialAction":[{"@type":"SearchAction","target":{"@type":"EntryPoint","urlTemplate":"https:\/\/etssprendimai.lt\/?s={search_term_string}"},"query-input":"required name=search_term_string"}],"inLanguage":"en-GB"},{"@type":"Organization","@id":"https:\/\/etssprendimai.lt\/#organization","name":"Energijos taupymo servisas","url":"https:\/\/etssprendimai.lt\/","logo":{"@type":"ImageObject","inLanguage":"en-GB","@id":"https:\/\/etssprendimai.lt\/#\/schema\/logo\/image\/","url":"https:\/\/etssprendimai.lt\/wp-content\/uploads\/2022\/09\/cropped-ETS-sprendimai_LOGO_1.png","contentUrl":"https:\/\/etssprendimai.lt\/wp-content\/uploads\/2022\/09\/cropped-ETS-sprendimai_LOGO_1.png","width":1678,"height":460,"caption":"Energijos taupymo servisas"},"image":{"@id":"https:\/\/etssprendimai.lt\/#\/schema\/logo\/image\/"}}]}},"_links":{"self":[{"href":"https:\/\/etssprendimai.lt\/index.php\/wp-json\/wp\/v2\/pages\/1652"}],"collection":[{"href":"https:\/\/etssprendimai.lt\/index.php\/wp-json\/wp\/v2\/pages"}],"about":[{"href":"https:\/\/etssprendimai.lt\/index.php\/wp-json\/wp\/v2\/types\/page"}],"author":[{"embeddable":true,"href":"https:\/\/etssprendimai.lt\/index.php\/wp-json\/wp\/v2\/users\/1"}],"replies":[{"embeddable":true,"href":"https:\/\/etssprendimai.lt\/index.php\/wp-json\/wp\/v2\/comments?post=1652"}],"version-history":[{"count":12,"href":"https:\/\/etssprendimai.lt\/index.php\/wp-json\/wp\/v2\/pages\/1652\/revisions"}],"predecessor-version":[{"id":1977,"href":"https:\/\/etssprendimai.lt\/index.php\/wp-json\/wp\/v2\/pages\/1652\/revisions\/1977"}],"wp:featuredmedia":[{"embeddable":true,"href":"https:\/\/etssprendimai.lt\/index.php\/wp-json\/wp\/v2\/media\/1263"}],"wp:attachment":[{"href":"https:\/\/etssprendimai.lt\/index.php\/wp-json\/wp\/v2\/media?parent=1652"}],"curies":[{"name":"wp","href":"https:\/\/api.w.org\/{rel}","templated":true}]}}