{"id":2037,"date":"2021-07-12T13:55:45","date_gmt":"2021-07-12T13:55:45","guid":{"rendered":"http:\/\/wordpress.ets.pixinn.lt\/?page_id=2037"},"modified":"2021-10-12T09:15:40","modified_gmt":"2021-10-12T09:15:40","slug":"paslaugos-montavimas","status":"publish","type":"page","link":"https:\/\/etssprendimai.lt\/index.php\/paslaugos-montavimas\/","title":{"rendered":"Paslaugos &#8211; montavimas"},"content":{"rendered":"\t\t<div data-elementor-type=\"wp-page\" data-elementor-id=\"2037\" class=\"elementor elementor-2037\">\n\t\t\t\t\t\t<section class=\"elementor-section elementor-top-section elementor-element elementor-element-7b3f959 elementor-section-boxed elementor-section-height-default elementor-section-height-default\" data-id=\"7b3f959\" data-element_type=\"section\">\n\t\t\t\t\t\t<div class=\"elementor-container elementor-column-gap-wide\">\n\t\t\t\t\t<div class=\"elementor-column elementor-col-100 elementor-top-column elementor-element elementor-element-909cae1\" data-id=\"909cae1\" data-element_type=\"column\">\n\t\t\t<div class=\"elementor-widget-wrap elementor-element-populated\">\n\t\t\t\t\t\t<div class=\"elementor-element elementor-element-3409ffb elementor-widget elementor-widget-heading\" data-id=\"3409ffb\" data-element_type=\"widget\" data-widget_type=\"heading.default\">\n\t\t\t\t<div class=\"elementor-widget-container\">\n\t\t\t\t\t<h1 class=\"elementor-heading-title elementor-size-default\">MONTAVIMAS<\/h1>\t\t\t\t<\/div>\n\t\t\t\t<\/div>\n\t\t\t\t\t<\/div>\n\t\t<\/div>\n\t\t\t\t\t<\/div>\n\t\t<\/section>\n\t\t\t\t<section class=\"elementor-section elementor-top-section elementor-element elementor-element-ea0385a elementor-section-boxed elementor-section-height-default elementor-section-height-default\" data-id=\"ea0385a\" data-element_type=\"section\" data-settings=\"{&quot;background_background&quot;:&quot;classic&quot;}\">\n\t\t\t\t\t\t<div class=\"elementor-container elementor-column-gap-default\">\n\t\t\t\t\t<div class=\"elementor-column elementor-col-100 elementor-top-column elementor-element elementor-element-ea66c56\" data-id=\"ea66c56\" data-element_type=\"column\">\n\t\t\t<div class=\"elementor-widget-wrap elementor-element-populated\">\n\t\t\t\t\t\t<div class=\"elementor-element elementor-element-6dc50ad elementor-widget elementor-widget-elementskit-heading\" data-id=\"6dc50ad\" data-element_type=\"widget\" data-widget_type=\"elementskit-heading.default\">\n\t\t\t\t<div class=\"elementor-widget-container\">\n\t\t\t\t\t<div class=\"ekit-wid-con\" ><div class=\"ekit-heading elementskit-section-title-wraper center   ekit_heading_tablet-   ekit_heading_mobile-\"><div class=\"ekit_heading_separetor_wraper ekit_heading_elementskit-border-divider ekit-dotted\"><div class=\"elementskit-border-divider ekit-dotted\"><\/div><\/div><\/div><\/div>\t\t\t\t<\/div>\n\t\t\t\t<\/div>\n\t\t\t\t<section class=\"elementor-section elementor-inner-section elementor-element elementor-element-dcf7beb elementor-section-boxed elementor-section-height-default elementor-section-height-default\" data-id=\"dcf7beb\" data-element_type=\"section\" data-settings=\"{&quot;background_background&quot;:&quot;gradient&quot;}\">\n\t\t\t\t\t\t\t<div class=\"elementor-background-overlay\"><\/div>\n\t\t\t\t\t\t\t<div class=\"elementor-container elementor-column-gap-default\">\n\t\t\t\t\t<div class=\"elementor-column elementor-col-100 elementor-inner-column elementor-element elementor-element-222e932\" data-id=\"222e932\" data-element_type=\"column\">\n\t\t\t<div class=\"elementor-widget-wrap elementor-element-populated\">\n\t\t\t\t\t\t<div class=\"elementor-element elementor-element-b6a2309 elementor-widget elementor-widget-elementskit-simple-tab\" data-id=\"b6a2309\" data-element_type=\"widget\" data-widget_type=\"elementskit-simple-tab.default\">\n\t\t\t\t<div class=\"elementor-widget-container\">\n\t\t\t\t\t<div class=\"ekit-wid-con\" >        <div class=\"elementkit-tab-wraper  \">\n            <ul class=\"nav nav-tabs elementkit-tab-nav  elementskit_tab_border_bottm elementskit_tab_border_bottm elementskit-fullwidth-tab\">\n                                    <li class=\"elementkit-nav-item elementor-repeater-item-e7fb3c4\">\n                        <a class=\"elementkit-nav-link  active show left-pos\" id=\"content-e7fb3c469e522da5dc76-tab\" data-ekit-handler-id=\"-paslaugos\" data-ekit-toggle=\"tab\" data-target=\"#content-e7fb3c469e522da5dc76\" href=\"#Content-e7fb3c469e522da5dc76\"\n                            data-ekit-toggle-trigger=\"click\"\n                            aria-describedby=\"Content-e7fb3c469e522da5dc76\">\n                            <span class=\" elementskit-tab-icon\"><\/span>                            <span class=\"elementskit-tab-title\">  Paslaugos<\/span>\n                        <\/a>\n                    <\/li>\n                                        <li class=\"elementkit-nav-item elementor-repeater-item-9077dfd\">\n                        <a class=\"elementkit-nav-link  left-pos\" id=\"content-9077dfd69e522da5dc76-tab\" data-ekit-handler-id=\"-patirtis\" data-ekit-toggle=\"tab\" data-target=\"#content-9077dfd69e522da5dc76\" href=\"#Content-9077dfd69e522da5dc76\"\n                            data-ekit-toggle-trigger=\"click\"\n                            aria-describedby=\"Content-9077dfd69e522da5dc76\">\n                            <span class=\" elementskit-tab-icon\"><\/span>                            <span class=\"elementskit-tab-title\">  Patirtis<\/span>\n                        <\/a>\n                    <\/li>\n                                <\/ul>\n\n            <div class=\"tab-content elementkit-tab-content\">\n                                    <div class=\"tab-pane elementkit-tab-pane elementor-repeater-item-e7fb3c4  active show\" id=\"content-e7fb3c469e522da5dc76\" role=\"tabpanel\"\n                         aria-labelledby=\"content-e7fb3c469e522da5dc76-tab\">\n                        <div class=\"animated fadeIn\">\n                            <ul><li><ul><li><h4><span style=\"color: #313131;\"><strong><span class=\"JsGRdQ\">Vidaus ir lauko elektros tinklai iki 10kV;<\/span><\/strong><\/span><\/h4><\/li><li><h4><span style=\"color: #313131;\"><strong><span class=\"JsGRdQ\">Vidaus ir lauko elektroniniai ry\u0161iai;<\/span><\/strong><\/span><\/h4><\/li><li><h4><span style=\"color: #313131;\"><strong><span class=\"JsGRdQ\">\u017daibosaugos sistemos ir \u012f\u017eeminimo tinklai;<\/span><\/strong><\/span><\/h4><\/li><li><h4><span style=\"color: #313131;\"><strong><span class=\"JsGRdQ\">Transformatorin\u0117s pastot\u0117s ir skirstyklos;<\/span><\/strong><\/span><\/h4><\/li><li><h4><span style=\"color: #313131;\"><strong><span class=\"JsGRdQ\">Apsaugin\u0117 ir gaisrin\u0117s saugos signalizacija;<\/span><\/strong><\/span><\/h4><\/li><li><h4><span style=\"color: #313131;\"><strong><span class=\"JsGRdQ\">Vaizdo steb\u0117jimo sistemos;<\/span><\/strong><\/span><\/h4><\/li><li><h4><span style=\"color: #313131;\"><strong><span class=\"JsGRdQ\">Proces\u0173 valdymo ir automatizavimo sistemos;<\/span><\/strong><\/span><\/h4><\/li><li><h4><span style=\"color: #313131;\"><strong><span class=\"JsGRdQ\">Gatvi\u0173 ap\u0161vietimo sistemos;<\/span><\/strong><\/span><\/h4><\/li><li><h4><span style=\"color: #313131;\"><strong><span class=\"JsGRdQ\">\u0160ynolaid\u017eiai;<\/span><\/strong><\/span><\/h4><\/li><li><h4><span style=\"color: #313131;\"><strong><span class=\"JsGRdQ\">Reaktyvios galios kompensavimo \u012frenginiai;<\/span><\/strong><\/span><\/h4><\/li><li><h4><span style=\"color: #313131;\"><strong><span class=\"JsGRdQ\">Atsinaujinan\u010dios energijos \u0161altiniai;<\/span><\/strong><\/span><\/h4><\/li><li><h4><span style=\"color: #313131;\"><strong><span class=\"JsGRdQ\">Matavimai (elektros tinklo analiz\u0117, elektronini\u0173 ry\u0161i\u0173 tinklo analiz\u0117, izoliacijos var\u017eos ir \u012f\u017eeminimo matavimai).<\/span><\/strong><\/span><\/h4><\/li><\/ul><\/li><\/ul>                        <\/div>\n                    <\/div>\n                                    <div class=\"tab-pane elementkit-tab-pane elementor-repeater-item-9077dfd \" id=\"content-9077dfd69e522da5dc76\" role=\"tabpanel\"\n                         aria-labelledby=\"content-9077dfd69e522da5dc76-tab\">\n                        <div class=\"animated fadeIn\">\n                            <ul><li><h4><span style=\"color: #313131;\"><strong><span class=\"JsGRdQ\">\u201eIKEA Industry Lietuva\u201c, Kazl\u0173 R\u016bda; Vilniaus bald\u0173 gamykla, Trak\u0173 raj.; UAB \u201eThermo Fisher Scientific\u201c gamybos paskirties pastatas, Vilnius; Narbuto gamykla, Ukmerg\u0117;<\/span><\/strong><\/span><\/h4><\/li><li><h4><span style=\"color: #313131;\"><strong><span class=\"JsGRdQ\">SEB banko inovacij\u0173 ir paslaug\u0173 centrai, Vilnius, Kaunas, K\u0117dainiai; \u201eWestern Union\u201c, Vilnius;<\/span><\/strong><\/span><\/h4><\/li><li><h4><span style=\"color: #313131;\"><strong><span class=\"JsGRdQ\">QUADRUM, Vilnius; Saltoni\u0161ki\u0173 verslo centrai, Vilnius; \u201eImlitex\u201c Verslo centras Arka, Kaunas; \u201eYIT\u201c verslo centras Skveras, Kaunas; \u201eBSN\u201c, Vilnius; \u201eBSNE\u201c, Vilnius;<\/span><\/strong><\/span><\/h4><\/li><li><h4><span style=\"color: #313131;\"><strong><span class=\"JsGRdQ\">Poilsio kompleksas, \u201eRoyal SPA residence\u201c, Bir\u0161tonas; Vie\u0161butis \u201eAir hotel\u201c, Vilnius;<\/span><\/strong><\/span><\/h4><\/li><li><h4><span style=\"color: #313131;\"><strong><span class=\"JsGRdQ\">Prekybos tinklas \u201e\u0160ilas\u201c, Kaunas;<\/span><\/strong><\/span><\/h4><\/li><li><h4><span style=\"color: #313131;\"><strong><span class=\"JsGRdQ\">KTU , Kaunas; VDU , Kaunas; LSMU, Kaunas; Policijos mokykla, Mastai\u010diai; ASU<\/span> <span class=\"JsGRdQ\">mokslo paskirties pastatas, Akademija;<\/span><\/strong><\/span><\/h4><\/li><li><h4><span style=\"color: #313131;\"><strong><span class=\"JsGRdQ\">V\u012e \u201eRegitra\u201c administracinis pastatas, Kaunas; Pravieni\u0161ki\u0173 pataisos nam\u0173 spec. paskirties pastatas, Pravieni\u0161k\u0117s; Lietuvos hidrometeorologijos tarnybos administracinis pastatas, Vilnius; Valstybin\u0117s teismo medicinos tarnybos pastatas, Kaunas; \u201eKAM Rukla\u201c, Panev\u0117\u017eys.<\/span><\/strong><\/span><\/h4><\/li><\/ul>                        <\/div>\n                    <\/div>\n                                \n            <\/div>\n                    <\/div>\n    <\/div>\t\t\t\t<\/div>\n\t\t\t\t<\/div>\n\t\t\t\t\t<\/div>\n\t\t<\/div>\n\t\t\t\t\t<\/div>\n\t\t<\/section>\n\t\t\t\t\t<\/div>\n\t\t<\/div>\n\t\t\t\t\t<\/div>\n\t\t<\/section>\n\t\t\t\t<\/div>\n\t\t","protected":false},"excerpt":{"rendered":"<p>Vidaus elektros instaliacija;<br \/>\nLauko elektros tinklai iki 10kV;<br \/>\nVidaus elektroniniai ry\u0161iai;<br \/>\nLauko elektroniniai ry\u0161iai;<br \/>\nApsaugin\u0117s ir gaisrin\u0117s saugos signalizacijos;<br \/>\nProces\u0173 valdymo ir automatizavimo sistemos;<\/p>\n","protected":false},"author":1,"featured_media":0,"parent":0,"menu_order":0,"comment_status":"closed","ping_status":"closed","template":"template-fullwidth.php","meta":{"footnotes":""},"yoast_head":"<!-- This site is optimized with the Yoast SEO plugin v21.3 - https:\/\/yoast.com\/wordpress\/plugins\/seo\/ -->\n<title>Paslaugos - montavimas - Energijos taupymo servisas<\/title>\n<meta name=\"robots\" content=\"index, follow, max-snippet:-1, max-image-preview:large, max-video-preview:-1\" \/>\n<link rel=\"canonical\" href=\"https:\/\/etssprendimai.lt\/index.php\/paslaugos-montavimas\/\" \/>\n<meta property=\"og:locale\" content=\"en_GB\" \/>\n<meta property=\"og:type\" content=\"article\" \/>\n<meta property=\"og:title\" content=\"Paslaugos - montavimas - Energijos taupymo servisas\" \/>\n<meta property=\"og:description\" content=\"Vidaus elektros instaliacija; Lauko elektros tinklai iki 10kV; Vidaus elektroniniai ry\u0161iai; Lauko elektroniniai ry\u0161iai; Apsaugin\u0117s ir gaisrin\u0117s saugos signalizacijos; Proces\u0173 valdymo ir automatizavimo sistemos;\" \/>\n<meta property=\"og:url\" content=\"https:\/\/etssprendimai.lt\/index.php\/paslaugos-montavimas\/\" \/>\n<meta property=\"og:site_name\" content=\"Energijos taupymo servisas\" \/>\n<meta property=\"article:modified_time\" content=\"2021-10-12T09:15:40+00:00\" \/>\n<meta name=\"twitter:card\" content=\"summary_large_image\" \/>\n<meta name=\"twitter:label1\" content=\"Estimated reading time\" \/>\n\t<meta name=\"twitter:data1\" content=\"1 minute\" \/>\n<script type=\"application\/ld+json\" class=\"yoast-schema-graph\">{\"@context\":\"https:\/\/schema.org\",\"@graph\":[{\"@type\":\"WebPage\",\"@id\":\"https:\/\/etssprendimai.lt\/index.php\/paslaugos-montavimas\/\",\"url\":\"https:\/\/etssprendimai.lt\/index.php\/paslaugos-montavimas\/\",\"name\":\"Paslaugos - montavimas - Energijos taupymo servisas\",\"isPartOf\":{\"@id\":\"https:\/\/etssprendimai.lt\/#website\"},\"datePublished\":\"2021-07-12T13:55:45+00:00\",\"dateModified\":\"2021-10-12T09:15:40+00:00\",\"breadcrumb\":{\"@id\":\"https:\/\/etssprendimai.lt\/index.php\/paslaugos-montavimas\/#breadcrumb\"},\"inLanguage\":\"en-GB\",\"potentialAction\":[{\"@type\":\"ReadAction\",\"target\":[\"https:\/\/etssprendimai.lt\/index.php\/paslaugos-montavimas\/\"]}]},{\"@type\":\"BreadcrumbList\",\"@id\":\"https:\/\/etssprendimai.lt\/index.php\/paslaugos-montavimas\/#breadcrumb\",\"itemListElement\":[{\"@type\":\"ListItem\",\"position\":1,\"name\":\"Home\",\"item\":\"https:\/\/etssprendimai.lt\/\"},{\"@type\":\"ListItem\",\"position\":2,\"name\":\"Paslaugos &#8211; montavimas\"}]},{\"@type\":\"WebSite\",\"@id\":\"https:\/\/etssprendimai.lt\/#website\",\"url\":\"https:\/\/etssprendimai.lt\/\",\"name\":\"Energijos taupymo servisas\",\"description\":\"\",\"publisher\":{\"@id\":\"https:\/\/etssprendimai.lt\/#organization\"},\"potentialAction\":[{\"@type\":\"SearchAction\",\"target\":{\"@type\":\"EntryPoint\",\"urlTemplate\":\"https:\/\/etssprendimai.lt\/?s={search_term_string}\"},\"query-input\":\"required name=search_term_string\"}],\"inLanguage\":\"en-GB\"},{\"@type\":\"Organization\",\"@id\":\"https:\/\/etssprendimai.lt\/#organization\",\"name\":\"Energijos taupymo servisas\",\"url\":\"https:\/\/etssprendimai.lt\/\",\"logo\":{\"@type\":\"ImageObject\",\"inLanguage\":\"en-GB\",\"@id\":\"https:\/\/etssprendimai.lt\/#\/schema\/logo\/image\/\",\"url\":\"https:\/\/etssprendimai.lt\/wp-content\/uploads\/2022\/09\/cropped-ETS-sprendimai_LOGO_1.png\",\"contentUrl\":\"https:\/\/etssprendimai.lt\/wp-content\/uploads\/2022\/09\/cropped-ETS-sprendimai_LOGO_1.png\",\"width\":1678,\"height\":460,\"caption\":\"Energijos taupymo servisas\"},\"image\":{\"@id\":\"https:\/\/etssprendimai.lt\/#\/schema\/logo\/image\/\"}}]}<\/script>\n<!-- \/ Yoast SEO plugin. -->","yoast_head_json":{"title":"Paslaugos - montavimas - Energijos taupymo servisas","robots":{"index":"index","follow":"follow","max-snippet":"max-snippet:-1","max-image-preview":"max-image-preview:large","max-video-preview":"max-video-preview:-1"},"canonical":"https:\/\/etssprendimai.lt\/index.php\/paslaugos-montavimas\/","og_locale":"en_GB","og_type":"article","og_title":"Paslaugos - montavimas - Energijos taupymo servisas","og_description":"Vidaus elektros instaliacija; Lauko elektros tinklai iki 10kV; Vidaus elektroniniai ry\u0161iai; Lauko elektroniniai ry\u0161iai; Apsaugin\u0117s ir gaisrin\u0117s saugos signalizacijos; Proces\u0173 valdymo ir automatizavimo sistemos;","og_url":"https:\/\/etssprendimai.lt\/index.php\/paslaugos-montavimas\/","og_site_name":"Energijos taupymo servisas","article_modified_time":"2021-10-12T09:15:40+00:00","twitter_card":"summary_large_image","twitter_misc":{"Estimated reading time":"1 minute"},"schema":{"@context":"https:\/\/schema.org","@graph":[{"@type":"WebPage","@id":"https:\/\/etssprendimai.lt\/index.php\/paslaugos-montavimas\/","url":"https:\/\/etssprendimai.lt\/index.php\/paslaugos-montavimas\/","name":"Paslaugos - montavimas - Energijos taupymo servisas","isPartOf":{"@id":"https:\/\/etssprendimai.lt\/#website"},"datePublished":"2021-07-12T13:55:45+00:00","dateModified":"2021-10-12T09:15:40+00:00","breadcrumb":{"@id":"https:\/\/etssprendimai.lt\/index.php\/paslaugos-montavimas\/#breadcrumb"},"inLanguage":"en-GB","potentialAction":[{"@type":"ReadAction","target":["https:\/\/etssprendimai.lt\/index.php\/paslaugos-montavimas\/"]}]},{"@type":"BreadcrumbList","@id":"https:\/\/etssprendimai.lt\/index.php\/paslaugos-montavimas\/#breadcrumb","itemListElement":[{"@type":"ListItem","position":1,"name":"Home","item":"https:\/\/etssprendimai.lt\/"},{"@type":"ListItem","position":2,"name":"Paslaugos &#8211; montavimas"}]},{"@type":"WebSite","@id":"https:\/\/etssprendimai.lt\/#website","url":"https:\/\/etssprendimai.lt\/","name":"Energijos taupymo servisas","description":"","publisher":{"@id":"https:\/\/etssprendimai.lt\/#organization"},"potentialAction":[{"@type":"SearchAction","target":{"@type":"EntryPoint","urlTemplate":"https:\/\/etssprendimai.lt\/?s={search_term_string}"},"query-input":"required name=search_term_string"}],"inLanguage":"en-GB"},{"@type":"Organization","@id":"https:\/\/etssprendimai.lt\/#organization","name":"Energijos taupymo servisas","url":"https:\/\/etssprendimai.lt\/","logo":{"@type":"ImageObject","inLanguage":"en-GB","@id":"https:\/\/etssprendimai.lt\/#\/schema\/logo\/image\/","url":"https:\/\/etssprendimai.lt\/wp-content\/uploads\/2022\/09\/cropped-ETS-sprendimai_LOGO_1.png","contentUrl":"https:\/\/etssprendimai.lt\/wp-content\/uploads\/2022\/09\/cropped-ETS-sprendimai_LOGO_1.png","width":1678,"height":460,"caption":"Energijos taupymo servisas"},"image":{"@id":"https:\/\/etssprendimai.lt\/#\/schema\/logo\/image\/"}}]}},"_links":{"self":[{"href":"https:\/\/etssprendimai.lt\/index.php\/wp-json\/wp\/v2\/pages\/2037"}],"collection":[{"href":"https:\/\/etssprendimai.lt\/index.php\/wp-json\/wp\/v2\/pages"}],"about":[{"href":"https:\/\/etssprendimai.lt\/index.php\/wp-json\/wp\/v2\/types\/page"}],"author":[{"embeddable":true,"href":"https:\/\/etssprendimai.lt\/index.php\/wp-json\/wp\/v2\/users\/1"}],"replies":[{"embeddable":true,"href":"https:\/\/etssprendimai.lt\/index.php\/wp-json\/wp\/v2\/comments?post=2037"}],"version-history":[{"count":52,"href":"https:\/\/etssprendimai.lt\/index.php\/wp-json\/wp\/v2\/pages\/2037\/revisions"}],"predecessor-version":[{"id":2791,"href":"https:\/\/etssprendimai.lt\/index.php\/wp-json\/wp\/v2\/pages\/2037\/revisions\/2791"}],"wp:attachment":[{"href":"https:\/\/etssprendimai.lt\/index.php\/wp-json\/wp\/v2\/media?parent=2037"}],"curies":[{"name":"wp","href":"https:\/\/api.w.org\/{rel}","templated":true}]}}