{"id":2211,"date":"2021-07-25T10:08:38","date_gmt":"2021-07-25T10:08:38","guid":{"rendered":"http:\/\/wordpress.ets.pixinn.lt\/?page_id=2211"},"modified":"2021-09-14T11:57:47","modified_gmt":"2021-09-14T11:57:47","slug":"paslaugos-aptarnavimas-2-pav","status":"publish","type":"page","link":"https:\/\/etssprendimai.lt\/index.php\/paslaugos-aptarnavimas-2-pav\/","title":{"rendered":"Paslaugos &#8211; aptarnavimas (2 pav.)"},"content":{"rendered":"\t\t<div data-elementor-type=\"wp-page\" data-elementor-id=\"2211\" class=\"elementor elementor-2211\">\n\t\t\t\t\t\t<section class=\"elementor-section elementor-top-section elementor-element elementor-element-7b3f959 elementor-section-boxed elementor-section-height-default elementor-section-height-default\" data-id=\"7b3f959\" data-element_type=\"section\">\n\t\t\t\t\t\t<div class=\"elementor-container elementor-column-gap-wide\">\n\t\t\t\t\t<div class=\"elementor-column elementor-col-100 elementor-top-column elementor-element elementor-element-909cae1\" data-id=\"909cae1\" data-element_type=\"column\">\n\t\t\t<div class=\"elementor-widget-wrap elementor-element-populated\">\n\t\t\t\t\t\t<div class=\"elementor-element elementor-element-3409ffb elementor-widget elementor-widget-heading\" data-id=\"3409ffb\" data-element_type=\"widget\" data-widget_type=\"heading.default\">\n\t\t\t\t<div class=\"elementor-widget-container\">\n\t\t\t\t\t<h1 class=\"elementor-heading-title elementor-size-default\">APTARNAVIMAS<\/h1>\t\t\t\t<\/div>\n\t\t\t\t<\/div>\n\t\t\t\t\t<\/div>\n\t\t<\/div>\n\t\t\t\t\t<\/div>\n\t\t<\/section>\n\t\t\t\t<section class=\"elementor-section elementor-top-section elementor-element elementor-element-8875068 elementor-section-boxed elementor-section-height-default elementor-section-height-default\" data-id=\"8875068\" data-element_type=\"section\" data-settings=\"{&quot;background_background&quot;:&quot;classic&quot;}\">\n\t\t\t\t\t\t<div class=\"elementor-container elementor-column-gap-default\">\n\t\t\t\t\t<div class=\"elementor-column elementor-col-100 elementor-top-column elementor-element elementor-element-413ea8d\" data-id=\"413ea8d\" data-element_type=\"column\">\n\t\t\t<div class=\"elementor-widget-wrap elementor-element-populated\">\n\t\t\t\t\t\t<div class=\"elementor-element elementor-element-c378121 elementor-widget elementor-widget-elementskit-simple-tab\" data-id=\"c378121\" data-element_type=\"widget\" data-widget_type=\"elementskit-simple-tab.default\">\n\t\t\t\t<div class=\"elementor-widget-container\">\n\t\t\t\t\t<div class=\"ekit-wid-con\" >        <div class=\"elementkit-tab-wraper   elementskit-fitcontent-tab \">\n            <ul class=\"nav nav-tabs elementkit-tab-nav  elementskit_tab_border_bottm elementskit_tab_border_bottm\">\n                                    <li class=\"elementkit-nav-item elementor-repeater-item-e7fb3c4\">\n                        <a class=\"elementkit-nav-link  active show right-pos\" id=\"content-e7fb3c469edfde294b72-tab\" data-ekit-handler-id=\"-paslaugos\" data-ekit-toggle=\"tab\" data-target=\"#content-e7fb3c469edfde294b72\" href=\"#Content-e7fb3c469edfde294b72\"\n                            data-ekit-toggle-trigger=\"click\"\n                            aria-describedby=\"Content-e7fb3c469edfde294b72\">\n                                                        <span class=\"elementskit-tab-title\">  Paslaugos<\/span>\n                        <\/a>\n                    <\/li>\n                                        <li class=\"elementkit-nav-item elementor-repeater-item-9077dfd\">\n                        <a class=\"elementkit-nav-link  right-pos\" id=\"content-9077dfd69edfde294b72-tab\" data-ekit-handler-id=\"-patirtis\" data-ekit-toggle=\"tab\" data-target=\"#content-9077dfd69edfde294b72\" href=\"#Content-9077dfd69edfde294b72\"\n                            data-ekit-toggle-trigger=\"click\"\n                            aria-describedby=\"Content-9077dfd69edfde294b72\">\n                                                        <span class=\"elementskit-tab-title\">  Patirtis<\/span>\n                        <\/a>\n                    <\/li>\n                                <\/ul>\n\n            <div class=\"tab-content elementkit-tab-content\">\n                                    <div class=\"tab-pane elementkit-tab-pane elementor-repeater-item-e7fb3c4  active show\" id=\"content-e7fb3c469edfde294b72\" role=\"tabpanel\"\n                         aria-labelledby=\"content-e7fb3c469edfde294b72-tab\">\n                        <div class=\"animated fadeIn\">\n                            <ul><li><h4><span class=\"JsGRdQ\">Vidaus elektros instaliacija;<\/span><\/h4><\/li><li><h4><span class=\"JsGRdQ\">Lauko elektros tinklai iki 10kV;<\/span><\/h4><\/li><li><h4><span class=\"JsGRdQ\">Vidaus elektroniniai ry\u0161iai;<\/span><\/h4><\/li><li><h4><span class=\"JsGRdQ\">Lauko elektroniniai ry\u0161iai;<\/span><\/h4><\/li><li><h4><span class=\"JsGRdQ\">Apsaugin\u0117s ir gaisrin\u0117s saugos signalizacijos;<\/span><\/h4><\/li><li><h4><span class=\"JsGRdQ\">Proces\u0173 valdymo ir automatizavimo sistemos;<\/span><\/h4><\/li><\/ul>                        <\/div>\n                    <\/div>\n                                    <div class=\"tab-pane elementkit-tab-pane elementor-repeater-item-9077dfd \" id=\"content-9077dfd69edfde294b72\" role=\"tabpanel\"\n                         aria-labelledby=\"content-9077dfd69edfde294b72-tab\">\n                        <div class=\"animated fadeIn\">\n                            <ul>\n<li>\n<h4><span class=\"JsGRdQ\">V\u012e \u201eREGITRA\u201c paslaug\u0173 centras Raudondvario pl. 234B Kaune:<\/span>\u00a0<span class=\"JsGRdQ\">elektrotechnika, elektroniniai ry\u0161iai, apsaugos signalizacija, gaisro aptikimo ir signalizavimo sistema\u00a0<\/span><span class=\"JsGRdQ\">(DP);<\/span><\/h4>\n<\/li>\n<li>\n<h4><span class=\"JsGRdQ\">Lietuvos Kredito unija, administracin\u0117s paskirties pastatas Savanori\u0173 pr. 363B Kaune: elektrotechnika, elektroniniai ry\u0161iai, gaisro aptikimo irsignalizavimo sistema (TDP);<\/span><\/h4>\n<\/li>\n<li>\n<h4><span class=\"JsGRdQ\">UAB Klingai, gamybin\u0117s-sandeliavimo paskirties pastatai Energetik\u0173 g. 20 Kaune: elektrotechnika, gaisro aptikimo ir signalizavimo sistema (TDP);<\/span><\/h4>\n<\/li>\n<li>\n<h4><span class=\"JsGRdQ\">KTU laboratorij\u0173 centras M-Lab Student\u0173 g. Kaune: elektroniniai ry\u0161iai, apsaugos signalizacija, gaisro signalizavimo sistema (TP)<\/span><\/h4>\n<\/li>\n<li>\n<h4><span class=\"JsGRdQ\">Royal SPA Hotel vie\u0161bu\u010dio rekonstrukcija Bir\u0161tone: elektrotechnikos, elektornini\u0173 ry\u0161i\u0173, apsaugin\u0117s signalizacijos, gaisrin\u0117s signalizacijos bei pra\u0117jimo kontrol\u0117s (DP);<\/span><\/h4>\n<\/li>\n<li>\n<h4><span class=\"JsGRdQ\">Royal SPA Hotel naujo SPA statyba Bir\u0161tone: elektrotechnikos, elektornini\u0173 ry\u0161i\u0173, apsaugin\u0117s signalizacijos, gaisrin\u0117s signalizacijos bei pra\u0117jimo kontrol\u0117s (TDP);<\/span><\/h4>\n<\/li>\n<li>\n<h4><span class=\"JsGRdQ\">PC \u0160ilas Sprangausko g. 1A, Kaune: elektrotechnikos, elektornini\u0173 ry\u0161i\u0173, apsaugin\u0117s signalizacijos, gaisrin\u0117s signalizacijos (DP)VDU, daugiafunkcinis mokslo ir studij\u0173 centras Putvinskio g. 23 Kaune: elektrotechnika, elektroniniai ry\u0161iai, vaizdo steb\u0117jimas, apsaugos signalizacija, \u012feigos kontrol\u0117, prie\u0161gaisrin\u0117 signalizacija, evakuacinis \u012fgarsinimas (DP)<\/span><\/h4>\n<\/li>\n<li>\n<h4><span class=\"JsGRdQ\">Lietuvos hidrometerologijos tarnyba centrin\u0117 b\u016bstin\u0117 Rudnios g. 6 Vilniuje: elektrotechnika (DP);<\/span><\/h4>\n<\/li>\n<li>\n<h4><span class=\"JsGRdQ\">Vaik\u0173 dar\u017eelis Kauno r. Ilgakiemio km.: elektrotechnika (DP);<\/span><\/h4>\n<\/li>\n<li>\n<h4><span class=\"JsGRdQ\">UAB Bipa, administracin\u0117s-sandeliavimo paskirties pastatas Stulginskio g. 41, Kaune: elektrotechnika, apsaugos ir gaisrin\u0117 signalizacija, elektorniniairy\u0161iai (DP);<\/span><\/h4>\n<\/li>\n<li>\n<h4><span class=\"JsGRdQ\">Sand\u0117liavimo paskirties pastatas, Pramon\u0117s g. 2B, Paobelio k., K\u0117daini\u0173 r.: elektrotechnika, gaisrin\u0117 signalizacija (DP);<\/span><\/h4>\n<\/li>\n<li>\n<h4><span class=\"JsGRdQ\">Kauno statybos ir paslaug\u0173 mokymo centras, Kalantos g. 80 Kaune: elektrotechnika (TDP)<\/span><\/h4>\n<\/li>\n<\/ul>                        <\/div>\n                    <\/div>\n                                \n            <\/div>\n                    <\/div>\n    <\/div>\t\t\t\t<\/div>\n\t\t\t\t<\/div>\n\t\t\t\t\t<\/div>\n\t\t<\/div>\n\t\t\t\t\t<\/div>\n\t\t<\/section>\n\t\t\t\t<section class=\"elementor-section elementor-top-section elementor-element elementor-element-68837e22 elementor-section-boxed elementor-section-height-default elementor-section-height-default\" data-id=\"68837e22\" data-element_type=\"section\" id=\"xs_tab_3\" data-settings=\"{&quot;background_background&quot;:&quot;classic&quot;}\">\n\t\t\t\t\t\t<div class=\"elementor-container elementor-column-gap-default\">\n\t\t\t\t\t<div class=\"elementor-column elementor-col-100 elementor-top-column elementor-element elementor-element-4dd31443\" data-id=\"4dd31443\" data-element_type=\"column\">\n\t\t\t<div class=\"elementor-widget-wrap elementor-element-populated\">\n\t\t\t\t\t\t<div class=\"elementor-element elementor-element-34ae2f61 elementor-widget elementor-widget-elementskit-simple-tab\" data-id=\"34ae2f61\" data-element_type=\"widget\" data-widget_type=\"elementskit-simple-tab.default\">\n\t\t\t\t<div class=\"elementor-widget-container\">\n\t\t\t\t\t<div class=\"ekit-wid-con\" >        <div class=\"elementkit-tab-wraper  \">\n            <ul class=\"nav nav-tabs elementkit-tab-nav  elementskit-fullwidth-tab\">\n                                    <li class=\"elementkit-nav-item elementor-repeater-item-e7fb3c4\">\n                        <a class=\"elementkit-nav-link  active show left-pos\" id=\"content-e7fb3c469edfde29565f-tab\" data-ekit-handler-id=\"paslaugos\" data-ekit-toggle=\"tab\" data-target=\"#content-e7fb3c469edfde29565f\" href=\"#Content-e7fb3c469edfde29565f\"\n                            data-ekit-toggle-trigger=\"click\"\n                            aria-describedby=\"Content-e7fb3c469edfde29565f\">\n                            <span class=\" elementskit-tab-icon\"><\/span>                            <span class=\"elementskit-tab-title\"> Paslaugos<\/span>\n                        <\/a>\n                    <\/li>\n                                        <li class=\"elementkit-nav-item elementor-repeater-item-9077dfd\">\n                        <a class=\"elementkit-nav-link  left-pos\" id=\"content-9077dfd69edfde29565f-tab\" data-ekit-handler-id=\"patirtis\" data-ekit-toggle=\"tab\" data-target=\"#content-9077dfd69edfde29565f\" href=\"#Content-9077dfd69edfde29565f\"\n                            data-ekit-toggle-trigger=\"click\"\n                            aria-describedby=\"Content-9077dfd69edfde29565f\">\n                            <span class=\" elementskit-tab-icon\"><\/span>                            <span class=\"elementskit-tab-title\"> Patirtis<\/span>\n                        <\/a>\n                    <\/li>\n                                <\/ul>\n\n            <div class=\"tab-content elementkit-tab-content\">\n                                    <div class=\"tab-pane elementkit-tab-pane elementor-repeater-item-e7fb3c4  active show\" id=\"content-e7fb3c469edfde29565f\" role=\"tabpanel\"\n                         aria-labelledby=\"content-e7fb3c469edfde29565f-tab\">\n                        <div class=\"animated fadeIn\">\n                            <ul><li><h4><span class=\"JsGRdQ\">Vidaus elektros instaliacija;<\/span><\/h4><\/li><li><h4><span class=\"JsGRdQ\">Lauko elektros tinklai iki 10kV;<\/span><\/h4><\/li><li><h4><span class=\"JsGRdQ\">Vidaus elektroniniai ry\u0161iai;<\/span><\/h4><\/li><li><h4><span class=\"JsGRdQ\">Lauko elektroniniai ry\u0161iai;<\/span><\/h4><\/li><li><h4><span class=\"JsGRdQ\">Apsaugin\u0117s ir gaisrin\u0117s saugos signalizacijos;.<\/span><span class=\"JsGRdQ\">Proces\u0173 valdymo ir automatizavimo sistemos;<\/span><\/h4><\/li><\/ul>                        <\/div>\n                    <\/div>\n                                    <div class=\"tab-pane elementkit-tab-pane elementor-repeater-item-9077dfd \" id=\"content-9077dfd69edfde29565f\" role=\"tabpanel\"\n                         aria-labelledby=\"content-9077dfd69edfde29565f-tab\">\n                        <div class=\"animated fadeIn\">\n                            <ul><li><h4><span class=\"JsGRdQ\">V\u012e \u201eREGITRA\u201c paslaug\u0173 centras Raudondvario pl. 234B Kaune:<\/span>\u00a0<span class=\"JsGRdQ\">elektrotechnika, elektroniniai ry\u0161iai, apsaugos signalizacija, gaisro aptikimo ir signalizavimo sistema\u00a0<\/span><span class=\"JsGRdQ\">(DP);<\/span><\/h4><\/li><li><h4><span class=\"JsGRdQ\">Lietuvos Kredito unija, administracin\u0117s paskirties pastatas Savanori\u0173 pr. 363B Kaune: elektrotechnika, elektroniniai ry\u0161iai, gaisro aptikimo irsignalizavimo sistema (TDP);<\/span><\/h4><\/li><li><h4><span class=\"JsGRdQ\">UAB Klingai, gamybin\u0117s-sandeliavimo paskirties pastatai Energetik\u0173 g. 20 Kaune: elektrotechnika, gaisro aptikimo ir signalizavimo sistema (TDP);<\/span><\/h4><\/li><li><h4><span class=\"JsGRdQ\">KTU laboratorij\u0173 centras M-Lab Student\u0173 g. Kaune: elektroniniai ry\u0161iai, apsaugos signalizacija, gaisro signalizavimo sistema (TP)<\/span><\/h4><\/li><li><h4><span class=\"JsGRdQ\">Royal SPA Hotel vie\u0161bu\u010dio rekonstrukcija Bir\u0161tone: elektrotechnikos, elektornini\u0173 ry\u0161i\u0173, apsaugin\u0117s signalizacijos, gaisrin\u0117s signalizacijos bei pra\u0117jimo kontrol\u0117s (DP);<\/span><\/h4><\/li><li><h4><span class=\"JsGRdQ\">Royal SPA Hotel naujo SPA statyba Bir\u0161tone: elektrotechnikos, elektornini\u0173 ry\u0161i\u0173, apsaugin\u0117s signalizacijos, gaisrin\u0117s signalizacijos bei pra\u0117jimo kontrol\u0117s (TDP);<\/span><\/h4><\/li><li><h4><span class=\"JsGRdQ\">PC \u0160ilas Sprangausko g. 1A, Kaune: elektrotechnikos, elektornini\u0173 ry\u0161i\u0173, apsaugin\u0117s signalizacijos, gaisrin\u0117s signalizacijos (DP)VDU, daugiafunkcinis mokslo ir studij\u0173 centras Putvinskio g. 23 Kaune: elektrotechnika, elektroniniai ry\u0161iai, vaizdo steb\u0117jimas, apsaugos signalizacija, \u012feigos kontrol\u0117, prie\u0161gaisrin\u0117 signalizacija, evakuacinis \u012fgarsinimas (DP)<\/span><\/h4><\/li><li><h4><span class=\"JsGRdQ\">Lietuvos hidrometerologijos tarnyba centrin\u0117 b\u016bstin\u0117 Rudnios g. 6 Vilniuje: elektrotechnika (DP);<\/span><\/h4><\/li><li><h4><span class=\"JsGRdQ\">Vaik\u0173 dar\u017eelis Kauno r. Ilgakiemio km.: elektrotechnika (DP);<\/span><\/h4><\/li><li><h4><span class=\"JsGRdQ\">UAB Bipa, administracin\u0117s-sandeliavimo paskirties pastatas Stulginskio g. 41, Kaune: elektrotechnika, apsaugos ir gaisrin\u0117 signalizacija, elektorniniairy\u0161iai (DP);<\/span><\/h4><\/li><li><h4><span class=\"JsGRdQ\">Sand\u0117liavimo paskirties pastatas, Pramon\u0117s g. 2B, Paobelio k., K\u0117daini\u0173 r.: elektrotechnika, gaisrin\u0117 signalizacija (DP);<\/span><\/h4><\/li><li><h4><span class=\"JsGRdQ\">Kauno statybos ir paslaug\u0173 mokymo centras, Kalantos g. 80 Kaune: elektrotechnika (TDP)<\/span><\/h4><\/li><\/ul>                        <\/div>\n                    <\/div>\n                                \n            <\/div>\n                    <\/div>\n    <\/div>\t\t\t\t<\/div>\n\t\t\t\t<\/div>\n\t\t\t\t\t<\/div>\n\t\t<\/div>\n\t\t\t\t\t<\/div>\n\t\t<\/section>\n\t\t\t\t<\/div>\n\t\t","protected":false},"excerpt":{"rendered":"<p>Vidaus elektros instaliacija;<br \/>\nLauko elektros tinklai iki 10kV;<br \/>\nVidaus elektroniniai ry\u0161iai;<br \/>\nLauko elektroniniai ry\u0161iai;<br \/>\nApsaugin\u0117s ir gaisrin\u0117s saugos signalizacijos;<br \/>\nProces\u0173 valdymo ir automatizavimo sistemos;<\/p>\n","protected":false},"author":1,"featured_media":0,"parent":0,"menu_order":0,"comment_status":"closed","ping_status":"closed","template":"template-fullwidth.php","meta":{"footnotes":""},"yoast_head":"<!-- This site is optimized with the Yoast SEO plugin v21.3 - https:\/\/yoast.com\/wordpress\/plugins\/seo\/ -->\n<title>Paslaugos - aptarnavimas (2 pav.) - Energijos taupymo servisas<\/title>\n<meta name=\"robots\" content=\"index, follow, max-snippet:-1, max-image-preview:large, max-video-preview:-1\" \/>\n<link rel=\"canonical\" href=\"https:\/\/etssprendimai.lt\/index.php\/paslaugos-aptarnavimas-2-pav\/\" \/>\n<meta property=\"og:locale\" content=\"en_GB\" \/>\n<meta property=\"og:type\" content=\"article\" \/>\n<meta property=\"og:title\" content=\"Paslaugos - aptarnavimas (2 pav.) - Energijos taupymo servisas\" \/>\n<meta property=\"og:description\" content=\"Vidaus elektros instaliacija; Lauko elektros tinklai iki 10kV; Vidaus elektroniniai ry\u0161iai; Lauko elektroniniai ry\u0161iai; Apsaugin\u0117s ir gaisrin\u0117s saugos signalizacijos; Proces\u0173 valdymo ir automatizavimo sistemos;\" \/>\n<meta property=\"og:url\" content=\"https:\/\/etssprendimai.lt\/index.php\/paslaugos-aptarnavimas-2-pav\/\" \/>\n<meta property=\"og:site_name\" content=\"Energijos taupymo servisas\" \/>\n<meta property=\"article:modified_time\" content=\"2021-09-14T11:57:47+00:00\" \/>\n<meta name=\"twitter:card\" content=\"summary_large_image\" \/>\n<meta name=\"twitter:label1\" content=\"Estimated reading time\" \/>\n\t<meta name=\"twitter:data1\" content=\"3 minutes\" \/>\n<script type=\"application\/ld+json\" class=\"yoast-schema-graph\">{\"@context\":\"https:\/\/schema.org\",\"@graph\":[{\"@type\":\"WebPage\",\"@id\":\"https:\/\/etssprendimai.lt\/index.php\/paslaugos-aptarnavimas-2-pav\/\",\"url\":\"https:\/\/etssprendimai.lt\/index.php\/paslaugos-aptarnavimas-2-pav\/\",\"name\":\"Paslaugos - aptarnavimas (2 pav.) - Energijos taupymo servisas\",\"isPartOf\":{\"@id\":\"https:\/\/etssprendimai.lt\/#website\"},\"datePublished\":\"2021-07-25T10:08:38+00:00\",\"dateModified\":\"2021-09-14T11:57:47+00:00\",\"breadcrumb\":{\"@id\":\"https:\/\/etssprendimai.lt\/index.php\/paslaugos-aptarnavimas-2-pav\/#breadcrumb\"},\"inLanguage\":\"en-GB\",\"potentialAction\":[{\"@type\":\"ReadAction\",\"target\":[\"https:\/\/etssprendimai.lt\/index.php\/paslaugos-aptarnavimas-2-pav\/\"]}]},{\"@type\":\"BreadcrumbList\",\"@id\":\"https:\/\/etssprendimai.lt\/index.php\/paslaugos-aptarnavimas-2-pav\/#breadcrumb\",\"itemListElement\":[{\"@type\":\"ListItem\",\"position\":1,\"name\":\"Home\",\"item\":\"https:\/\/etssprendimai.lt\/\"},{\"@type\":\"ListItem\",\"position\":2,\"name\":\"Paslaugos &#8211; aptarnavimas (2 pav.)\"}]},{\"@type\":\"WebSite\",\"@id\":\"https:\/\/etssprendimai.lt\/#website\",\"url\":\"https:\/\/etssprendimai.lt\/\",\"name\":\"Energijos taupymo servisas\",\"description\":\"\",\"publisher\":{\"@id\":\"https:\/\/etssprendimai.lt\/#organization\"},\"potentialAction\":[{\"@type\":\"SearchAction\",\"target\":{\"@type\":\"EntryPoint\",\"urlTemplate\":\"https:\/\/etssprendimai.lt\/?s={search_term_string}\"},\"query-input\":\"required name=search_term_string\"}],\"inLanguage\":\"en-GB\"},{\"@type\":\"Organization\",\"@id\":\"https:\/\/etssprendimai.lt\/#organization\",\"name\":\"Energijos taupymo servisas\",\"url\":\"https:\/\/etssprendimai.lt\/\",\"logo\":{\"@type\":\"ImageObject\",\"inLanguage\":\"en-GB\",\"@id\":\"https:\/\/etssprendimai.lt\/#\/schema\/logo\/image\/\",\"url\":\"https:\/\/etssprendimai.lt\/wp-content\/uploads\/2022\/09\/cropped-ETS-sprendimai_LOGO_1.png\",\"contentUrl\":\"https:\/\/etssprendimai.lt\/wp-content\/uploads\/2022\/09\/cropped-ETS-sprendimai_LOGO_1.png\",\"width\":1678,\"height\":460,\"caption\":\"Energijos taupymo servisas\"},\"image\":{\"@id\":\"https:\/\/etssprendimai.lt\/#\/schema\/logo\/image\/\"}}]}<\/script>\n<!-- \/ Yoast SEO plugin. -->","yoast_head_json":{"title":"Paslaugos - aptarnavimas (2 pav.) - Energijos taupymo servisas","robots":{"index":"index","follow":"follow","max-snippet":"max-snippet:-1","max-image-preview":"max-image-preview:large","max-video-preview":"max-video-preview:-1"},"canonical":"https:\/\/etssprendimai.lt\/index.php\/paslaugos-aptarnavimas-2-pav\/","og_locale":"en_GB","og_type":"article","og_title":"Paslaugos - aptarnavimas (2 pav.) - Energijos taupymo servisas","og_description":"Vidaus elektros instaliacija; Lauko elektros tinklai iki 10kV; Vidaus elektroniniai ry\u0161iai; Lauko elektroniniai ry\u0161iai; Apsaugin\u0117s ir gaisrin\u0117s saugos signalizacijos; Proces\u0173 valdymo ir automatizavimo sistemos;","og_url":"https:\/\/etssprendimai.lt\/index.php\/paslaugos-aptarnavimas-2-pav\/","og_site_name":"Energijos taupymo servisas","article_modified_time":"2021-09-14T11:57:47+00:00","twitter_card":"summary_large_image","twitter_misc":{"Estimated reading time":"3 minutes"},"schema":{"@context":"https:\/\/schema.org","@graph":[{"@type":"WebPage","@id":"https:\/\/etssprendimai.lt\/index.php\/paslaugos-aptarnavimas-2-pav\/","url":"https:\/\/etssprendimai.lt\/index.php\/paslaugos-aptarnavimas-2-pav\/","name":"Paslaugos - aptarnavimas (2 pav.) - Energijos taupymo servisas","isPartOf":{"@id":"https:\/\/etssprendimai.lt\/#website"},"datePublished":"2021-07-25T10:08:38+00:00","dateModified":"2021-09-14T11:57:47+00:00","breadcrumb":{"@id":"https:\/\/etssprendimai.lt\/index.php\/paslaugos-aptarnavimas-2-pav\/#breadcrumb"},"inLanguage":"en-GB","potentialAction":[{"@type":"ReadAction","target":["https:\/\/etssprendimai.lt\/index.php\/paslaugos-aptarnavimas-2-pav\/"]}]},{"@type":"BreadcrumbList","@id":"https:\/\/etssprendimai.lt\/index.php\/paslaugos-aptarnavimas-2-pav\/#breadcrumb","itemListElement":[{"@type":"ListItem","position":1,"name":"Home","item":"https:\/\/etssprendimai.lt\/"},{"@type":"ListItem","position":2,"name":"Paslaugos &#8211; aptarnavimas (2 pav.)"}]},{"@type":"WebSite","@id":"https:\/\/etssprendimai.lt\/#website","url":"https:\/\/etssprendimai.lt\/","name":"Energijos taupymo servisas","description":"","publisher":{"@id":"https:\/\/etssprendimai.lt\/#organization"},"potentialAction":[{"@type":"SearchAction","target":{"@type":"EntryPoint","urlTemplate":"https:\/\/etssprendimai.lt\/?s={search_term_string}"},"query-input":"required name=search_term_string"}],"inLanguage":"en-GB"},{"@type":"Organization","@id":"https:\/\/etssprendimai.lt\/#organization","name":"Energijos taupymo servisas","url":"https:\/\/etssprendimai.lt\/","logo":{"@type":"ImageObject","inLanguage":"en-GB","@id":"https:\/\/etssprendimai.lt\/#\/schema\/logo\/image\/","url":"https:\/\/etssprendimai.lt\/wp-content\/uploads\/2022\/09\/cropped-ETS-sprendimai_LOGO_1.png","contentUrl":"https:\/\/etssprendimai.lt\/wp-content\/uploads\/2022\/09\/cropped-ETS-sprendimai_LOGO_1.png","width":1678,"height":460,"caption":"Energijos taupymo servisas"},"image":{"@id":"https:\/\/etssprendimai.lt\/#\/schema\/logo\/image\/"}}]}},"_links":{"self":[{"href":"https:\/\/etssprendimai.lt\/index.php\/wp-json\/wp\/v2\/pages\/2211"}],"collection":[{"href":"https:\/\/etssprendimai.lt\/index.php\/wp-json\/wp\/v2\/pages"}],"about":[{"href":"https:\/\/etssprendimai.lt\/index.php\/wp-json\/wp\/v2\/types\/page"}],"author":[{"embeddable":true,"href":"https:\/\/etssprendimai.lt\/index.php\/wp-json\/wp\/v2\/users\/1"}],"replies":[{"embeddable":true,"href":"https:\/\/etssprendimai.lt\/index.php\/wp-json\/wp\/v2\/comments?post=2211"}],"version-history":[{"count":97,"href":"https:\/\/etssprendimai.lt\/index.php\/wp-json\/wp\/v2\/pages\/2211\/revisions"}],"predecessor-version":[{"id":2657,"href":"https:\/\/etssprendimai.lt\/index.php\/wp-json\/wp\/v2\/pages\/2211\/revisions\/2657"}],"wp:attachment":[{"href":"https:\/\/etssprendimai.lt\/index.php\/wp-json\/wp\/v2\/media?parent=2211"}],"curies":[{"name":"wp","href":"https:\/\/api.w.org\/{rel}","templated":true}]}}