{"id":2218,"date":"2021-07-25T10:30:32","date_gmt":"2021-07-25T10:30:32","guid":{"rendered":"http:\/\/wordpress.ets.pixinn.lt\/?page_id=2218"},"modified":"2021-07-30T15:00:32","modified_gmt":"2021-07-30T15:00:32","slug":"paslaugos-aptarnavimas-3-pav","status":"publish","type":"page","link":"https:\/\/etssprendimai.lt\/index.php\/paslaugos-aptarnavimas-3-pav\/","title":{"rendered":"Paslaugos &#8211; aptarnavimas (3 pav.)"},"content":{"rendered":"\t\t<div data-elementor-type=\"wp-page\" data-elementor-id=\"2218\" class=\"elementor elementor-2218\">\n\t\t\t\t\t\t<section class=\"elementor-section elementor-top-section elementor-element elementor-element-7b3f959 elementor-section-boxed elementor-section-height-default elementor-section-height-default\" data-id=\"7b3f959\" data-element_type=\"section\">\n\t\t\t\t\t\t<div class=\"elementor-container elementor-column-gap-wide\">\n\t\t\t\t\t<div class=\"elementor-column elementor-col-100 elementor-top-column elementor-element elementor-element-909cae1\" data-id=\"909cae1\" data-element_type=\"column\">\n\t\t\t<div class=\"elementor-widget-wrap elementor-element-populated\">\n\t\t\t\t\t\t<div class=\"elementor-element elementor-element-3409ffb elementor-widget elementor-widget-heading\" data-id=\"3409ffb\" data-element_type=\"widget\" data-widget_type=\"heading.default\">\n\t\t\t\t<div class=\"elementor-widget-container\">\n\t\t\t\t\t<h1 class=\"elementor-heading-title elementor-size-default\">APTARNAVIMAS<\/h1>\t\t\t\t<\/div>\n\t\t\t\t<\/div>\n\t\t\t\t\t<\/div>\n\t\t<\/div>\n\t\t\t\t\t<\/div>\n\t\t<\/section>\n\t\t\t\t<section class=\"elementor-section elementor-top-section elementor-element elementor-element-a1ef838 elementor-section-boxed elementor-section-height-default elementor-section-height-default\" data-id=\"a1ef838\" data-element_type=\"section\">\n\t\t\t\t\t\t<div class=\"elementor-container elementor-column-gap-default\">\n\t\t\t\t\t<div class=\"elementor-column elementor-col-100 elementor-top-column elementor-element elementor-element-7846095\" data-id=\"7846095\" data-element_type=\"column\">\n\t\t\t<div class=\"elementor-widget-wrap elementor-element-populated\">\n\t\t\t\t\t\t<div class=\"elementor-element elementor-element-5a063ba elementor-widget elementor-widget-eael-adv-accordion\" data-id=\"5a063ba\" data-element_type=\"widget\" data-widget_type=\"eael-adv-accordion.default\">\n\t\t\t\t<div class=\"elementor-widget-container\">\n\t\t\t\t\t            <div class=\"eael-adv-accordion\" id=\"eael-adv-accordion-5a063ba\" data-scroll-on-click=\"no\" data-scroll-speed=\"300\" data-accordion-id=\"5a063ba\" data-accordion-type=\"accordion\" data-toogle-speed=\"300\">\n            <div class=\"eael-accordion-list\">\n\t\t\t\t\t<div id=\"paslaugos\" class=\"elementor-tab-title eael-accordion-header\" tabindex=\"0\" data-tab=\"1\" aria-controls=\"elementor-tab-content-9431\"><i aria-hidden=\"true\" class=\"fa-toggle fas fa-angle-right\"><\/i><span class=\"eael-accordion-tab-title\">Paslaugos<\/span><span class=\"eael-advanced-accordion-icon-closed\"><i aria-hidden=\"true\" class=\"fa-accordion-icon fas fa-plus\"><\/i><\/span><span class=\"eael-advanced-accordion-icon-opened\"><i aria-hidden=\"true\" class=\"fa-accordion-icon fas fa-minus\"><\/i><\/span><\/div><div id=\"elementor-tab-content-9431\" class=\"eael-accordion-content clearfix\" data-tab=\"1\" aria-labelledby=\"paslaugos\">\n<ul>\n \t<li>\n<h4><span class=\"JsGRdQ\">Elektros \u016bkio aptarnavimas: Elektros instaliacijos iki 1000V, elektros tinklo ir \u012frengini\u0173 iki 10 kV \u012ftampos eksploatavimo darbai;<\/span><\/h4>\n<\/li>\n \t<li>\n<h4><span class=\"JsGRdQ\">\u0160ilumos \u016bkio aptarnavimas: \u0160ilumos punkt\u0173 ir \u012frengini\u0173 automatikos ir valdymo sistem\u0173 eksploatavimo bei remonto darbai;<\/span><\/h4>\n<\/li>\n \t<li>\n<h4><span class=\"JsGRdQ\">Duj\u0173 \u016bkio aptarnavimas: Gamtini\u0173 ir suskystint\u0173 naftos skirstom\u0173j\u0173 ir vartotoj\u0173 dujotieki\u0173, dujini\u0173 prietais\u0173 ir technologini\u0173 \u012frengini\u0173 eksploatavimo, remonto, bandymo darbai;<\/span><\/h4>\n<\/li>\n \t<li>\n<h4><span class=\"JsGRdQ\">V\u0117dinimo ir kondicionavimo sistem\u0173 aptarnavimas<\/span><\/h4>\n<\/li>\n \t<li>\n<h4><span class=\"JsGRdQ\">Vandentiekio ir nuotek\u0173 sistem\u0173 aptarnavimas<\/span><\/h4>\n<\/li>\n \t<li>\n<h4><span class=\"JsGRdQ\">Gaisro signalizavimo ir gesinimo sistem\u0173 aptarnavimas<\/span><\/h4>\n<\/li>\n \t<li>\n<h4><span class=\"JsGRdQ\">Apsaugos signalizacijos,<\/span> pra\u0117jimo<span class=\"JsGRdQ\"> kontrol\u0117s ir vaizdo steb\u0117jimo sistem\u0173 aptarnavimas<\/span><\/h4>\n<\/li>\n \t<li>\n<h4><span class=\"JsGRdQ\">Pastat\u0173 konstrukcij\u0173 technin\u0117 prie\u017ei\u016bra<\/span><\/h4>\n<\/li>\n<\/ul><\/div>\n\t\t\t\t\t<\/div><div class=\"eael-accordion-list\">\n\t\t\t\t\t<div id=\"patirtis\" class=\"elementor-tab-title eael-accordion-header\" tabindex=\"0\" data-tab=\"2\" aria-controls=\"elementor-tab-content-9432\"><i aria-hidden=\"true\" class=\"fa-toggle fas fa-angle-right\"><\/i><span class=\"eael-accordion-tab-title\">Patirtis<\/span><span class=\"eael-advanced-accordion-icon-closed\"><i aria-hidden=\"true\" class=\"fa-accordion-icon fas fa-plus\"><\/i><\/span><span class=\"eael-advanced-accordion-icon-opened\"><i aria-hidden=\"true\" class=\"fa-accordion-icon fas fa-minus\"><\/i><\/span><\/div><div id=\"elementor-tab-content-9432\" class=\"eael-accordion-content clearfix\" data-tab=\"2\" aria-labelledby=\"patirtis\"><ul>\n \t<li>\n<h4><span class=\"JsGRdQ\">Prekybin\u0117s paskirties pastatai:\u00a0<\/span><span class=\"JsGRdQ\">Prekybos centr\u0173 \u201e\u0160ilas\u201c tinklas (21 parduotuv\u0117) Kaune; Picerij\u0173 tinklas \u201eExpress Pizza\u201c (13 picerij\u0173) Kaune; Prekybos centras \u201eVilijampol\u0117s turgus\u201d Varni\u0173 g. 48C, Kaune; Prekybos ir paslaug\u0173 centras \u201cKonekesko\u201c Verslo g. 9, Kumpi\u0173 km., Kauno r.; Prekybos centras \u201cArmijai ir civiliams\u201d Pramon\u0117s pr. 8A, Kaunas;<\/span><\/h4>\n<\/li>\n \t<li>\n<h4><span class=\"JsGRdQ\">Administracin\u0117s paskirties pastatai:\u00a0<\/span><span class=\"JsGRdQ\">UAB Acme Grup\u0117, administracin\u0117s paskirties pastatai Jonavos g. 196, Savanoriu pr. 192, Raudondvario pl. 131B Kaune; Verslo centras<\/span>\u00a0<span class=\"JsGRdQ\">\u201c1000 lit\u0173\u201d Taikos pr. Kaune<\/span><\/h4>\n<\/li>\n \t<li>\n<h4><span class=\"JsGRdQ\">Sandeliavimo paskirties pastatai:\u00a0<\/span><span class=\"JsGRdQ\">NNL termo, \u0161aldyt\u0173 maisto produkt\u0173 logistikos sandeliai Pagiri\u0173 km, Garliavos sen., Kauno r.; ACC ir Acme sandeliavimo paskirties pastatai Jonavos g. 196, Raudondvario pl. 131B, Terminalo g. LEZ Kaune;<\/span><\/h4>\n<\/li>\n \t<li>\n<h4><span class=\"JsGRdQ\">Poilsio ir sveikatingumo paskirties pastatai:\u00a0<\/span><span class=\"JsGRdQ\">Royal SPA Hotel, vie\u0161butis su SPA, Pakaln\u0117s g. 3, Bir\u0161tonas; Saul\u0117s klinika Kaune<\/span><\/h4>\n<\/li>\n \t<li>\n<h4><span class=\"JsGRdQ\">Gamybin\u0117s paskirties pastatai:\u00a0<\/span><span class=\"JsGRdQ\">UAB \u201eKlingai\u201c, gamybos ir sandeliavimo pastatas Ekskavatorinink\u0173 1L, Kaunas; UAB \u201cKavos bankas\u201d, gamybos ir sandeliavimo pastatai Ekskavatorinink\u0173 g. 1D, Kaunas;<\/span><\/h4>\n<\/li>\n \t<li>\n<h4><span class=\"JsGRdQ\">Savivaldyb\u0117s valdomi pastatai:\u00a0<\/span><span class=\"JsGRdQ\">Kauno r. Garliavos sporto ir kult\u016bros centras, Vasario 16-osios g. 8, Garliava, Kauno r.; Kauno rajono Socialini\u0173 paslaug\u0173 centras, E\u017eero g. 3, Kaunas<\/span><\/h4>\n<\/li>\n<\/ul><\/div>\n\t\t\t\t\t<\/div><\/div>\t\t\t\t<\/div>\n\t\t\t\t<\/div>\n\t\t\t\t<div class=\"elementor-element elementor-element-9325f3f elementor-widget elementor-widget-spacer\" data-id=\"9325f3f\" data-element_type=\"widget\" data-widget_type=\"spacer.default\">\n\t\t\t\t<div class=\"elementor-widget-container\">\n\t\t\t\t\t\t\t<div class=\"elementor-spacer\">\n\t\t\t<div class=\"elementor-spacer-inner\"><\/div>\n\t\t<\/div>\n\t\t\t\t\t\t<\/div>\n\t\t\t\t<\/div>\n\t\t\t\t\t<\/div>\n\t\t<\/div>\n\t\t\t\t\t<\/div>\n\t\t<\/section>\n\t\t\t\t<\/div>\n\t\t","protected":false},"excerpt":{"rendered":"<p>Vidaus elektros instaliacija;<br \/>\nLauko elektros tinklai iki 10kV;<br \/>\nVidaus elektroniniai ry\u0161iai;<br \/>\nLauko elektroniniai ry\u0161iai;<br \/>\nApsaugin\u0117s ir gaisrin\u0117s saugos signalizacijos;<br \/>\nProces\u0173 valdymo ir automatizavimo sistemos;<\/p>\n","protected":false},"author":1,"featured_media":0,"parent":0,"menu_order":0,"comment_status":"closed","ping_status":"closed","template":"template-fullwidth.php","meta":{"footnotes":""},"yoast_head":"<!-- This site is optimized with the Yoast SEO plugin v21.3 - https:\/\/yoast.com\/wordpress\/plugins\/seo\/ -->\n<title>Paslaugos - aptarnavimas (3 pav.) - Energijos taupymo servisas<\/title>\n<meta name=\"robots\" content=\"index, follow, max-snippet:-1, max-image-preview:large, max-video-preview:-1\" \/>\n<link rel=\"canonical\" href=\"https:\/\/etssprendimai.lt\/index.php\/paslaugos-aptarnavimas-3-pav\/\" \/>\n<meta property=\"og:locale\" content=\"en_GB\" \/>\n<meta property=\"og:type\" content=\"article\" \/>\n<meta property=\"og:title\" content=\"Paslaugos - aptarnavimas (3 pav.) - Energijos taupymo servisas\" \/>\n<meta property=\"og:description\" content=\"Vidaus elektros instaliacija; Lauko elektros tinklai iki 10kV; Vidaus elektroniniai ry\u0161iai; Lauko elektroniniai ry\u0161iai; Apsaugin\u0117s ir gaisrin\u0117s saugos signalizacijos; Proces\u0173 valdymo ir automatizavimo sistemos;\" \/>\n<meta property=\"og:url\" content=\"https:\/\/etssprendimai.lt\/index.php\/paslaugos-aptarnavimas-3-pav\/\" \/>\n<meta property=\"og:site_name\" content=\"Energijos taupymo servisas\" \/>\n<meta property=\"article:modified_time\" content=\"2021-07-30T15:00:32+00:00\" \/>\n<meta name=\"twitter:card\" content=\"summary_large_image\" \/>\n<meta name=\"twitter:label1\" content=\"Estimated reading time\" \/>\n\t<meta name=\"twitter:data1\" content=\"1 minute\" \/>\n<script type=\"application\/ld+json\" class=\"yoast-schema-graph\">{\"@context\":\"https:\/\/schema.org\",\"@graph\":[{\"@type\":\"WebPage\",\"@id\":\"https:\/\/etssprendimai.lt\/index.php\/paslaugos-aptarnavimas-3-pav\/\",\"url\":\"https:\/\/etssprendimai.lt\/index.php\/paslaugos-aptarnavimas-3-pav\/\",\"name\":\"Paslaugos - aptarnavimas (3 pav.) - Energijos taupymo servisas\",\"isPartOf\":{\"@id\":\"https:\/\/etssprendimai.lt\/#website\"},\"datePublished\":\"2021-07-25T10:30:32+00:00\",\"dateModified\":\"2021-07-30T15:00:32+00:00\",\"breadcrumb\":{\"@id\":\"https:\/\/etssprendimai.lt\/index.php\/paslaugos-aptarnavimas-3-pav\/#breadcrumb\"},\"inLanguage\":\"en-GB\",\"potentialAction\":[{\"@type\":\"ReadAction\",\"target\":[\"https:\/\/etssprendimai.lt\/index.php\/paslaugos-aptarnavimas-3-pav\/\"]}]},{\"@type\":\"BreadcrumbList\",\"@id\":\"https:\/\/etssprendimai.lt\/index.php\/paslaugos-aptarnavimas-3-pav\/#breadcrumb\",\"itemListElement\":[{\"@type\":\"ListItem\",\"position\":1,\"name\":\"Home\",\"item\":\"https:\/\/etssprendimai.lt\/\"},{\"@type\":\"ListItem\",\"position\":2,\"name\":\"Paslaugos &#8211; aptarnavimas (3 pav.)\"}]},{\"@type\":\"WebSite\",\"@id\":\"https:\/\/etssprendimai.lt\/#website\",\"url\":\"https:\/\/etssprendimai.lt\/\",\"name\":\"Energijos taupymo servisas\",\"description\":\"\",\"publisher\":{\"@id\":\"https:\/\/etssprendimai.lt\/#organization\"},\"potentialAction\":[{\"@type\":\"SearchAction\",\"target\":{\"@type\":\"EntryPoint\",\"urlTemplate\":\"https:\/\/etssprendimai.lt\/?s={search_term_string}\"},\"query-input\":\"required name=search_term_string\"}],\"inLanguage\":\"en-GB\"},{\"@type\":\"Organization\",\"@id\":\"https:\/\/etssprendimai.lt\/#organization\",\"name\":\"Energijos taupymo servisas\",\"url\":\"https:\/\/etssprendimai.lt\/\",\"logo\":{\"@type\":\"ImageObject\",\"inLanguage\":\"en-GB\",\"@id\":\"https:\/\/etssprendimai.lt\/#\/schema\/logo\/image\/\",\"url\":\"https:\/\/etssprendimai.lt\/wp-content\/uploads\/2022\/09\/cropped-ETS-sprendimai_LOGO_1.png\",\"contentUrl\":\"https:\/\/etssprendimai.lt\/wp-content\/uploads\/2022\/09\/cropped-ETS-sprendimai_LOGO_1.png\",\"width\":1678,\"height\":460,\"caption\":\"Energijos taupymo servisas\"},\"image\":{\"@id\":\"https:\/\/etssprendimai.lt\/#\/schema\/logo\/image\/\"}}]}<\/script>\n<!-- \/ Yoast SEO plugin. -->","yoast_head_json":{"title":"Paslaugos - aptarnavimas (3 pav.) - Energijos taupymo servisas","robots":{"index":"index","follow":"follow","max-snippet":"max-snippet:-1","max-image-preview":"max-image-preview:large","max-video-preview":"max-video-preview:-1"},"canonical":"https:\/\/etssprendimai.lt\/index.php\/paslaugos-aptarnavimas-3-pav\/","og_locale":"en_GB","og_type":"article","og_title":"Paslaugos - aptarnavimas (3 pav.) - Energijos taupymo servisas","og_description":"Vidaus elektros instaliacija; Lauko elektros tinklai iki 10kV; Vidaus elektroniniai ry\u0161iai; Lauko elektroniniai ry\u0161iai; Apsaugin\u0117s ir gaisrin\u0117s saugos signalizacijos; Proces\u0173 valdymo ir automatizavimo sistemos;","og_url":"https:\/\/etssprendimai.lt\/index.php\/paslaugos-aptarnavimas-3-pav\/","og_site_name":"Energijos taupymo servisas","article_modified_time":"2021-07-30T15:00:32+00:00","twitter_card":"summary_large_image","twitter_misc":{"Estimated reading time":"1 minute"},"schema":{"@context":"https:\/\/schema.org","@graph":[{"@type":"WebPage","@id":"https:\/\/etssprendimai.lt\/index.php\/paslaugos-aptarnavimas-3-pav\/","url":"https:\/\/etssprendimai.lt\/index.php\/paslaugos-aptarnavimas-3-pav\/","name":"Paslaugos - aptarnavimas (3 pav.) - Energijos taupymo servisas","isPartOf":{"@id":"https:\/\/etssprendimai.lt\/#website"},"datePublished":"2021-07-25T10:30:32+00:00","dateModified":"2021-07-30T15:00:32+00:00","breadcrumb":{"@id":"https:\/\/etssprendimai.lt\/index.php\/paslaugos-aptarnavimas-3-pav\/#breadcrumb"},"inLanguage":"en-GB","potentialAction":[{"@type":"ReadAction","target":["https:\/\/etssprendimai.lt\/index.php\/paslaugos-aptarnavimas-3-pav\/"]}]},{"@type":"BreadcrumbList","@id":"https:\/\/etssprendimai.lt\/index.php\/paslaugos-aptarnavimas-3-pav\/#breadcrumb","itemListElement":[{"@type":"ListItem","position":1,"name":"Home","item":"https:\/\/etssprendimai.lt\/"},{"@type":"ListItem","position":2,"name":"Paslaugos &#8211; aptarnavimas (3 pav.)"}]},{"@type":"WebSite","@id":"https:\/\/etssprendimai.lt\/#website","url":"https:\/\/etssprendimai.lt\/","name":"Energijos taupymo servisas","description":"","publisher":{"@id":"https:\/\/etssprendimai.lt\/#organization"},"potentialAction":[{"@type":"SearchAction","target":{"@type":"EntryPoint","urlTemplate":"https:\/\/etssprendimai.lt\/?s={search_term_string}"},"query-input":"required name=search_term_string"}],"inLanguage":"en-GB"},{"@type":"Organization","@id":"https:\/\/etssprendimai.lt\/#organization","name":"Energijos taupymo servisas","url":"https:\/\/etssprendimai.lt\/","logo":{"@type":"ImageObject","inLanguage":"en-GB","@id":"https:\/\/etssprendimai.lt\/#\/schema\/logo\/image\/","url":"https:\/\/etssprendimai.lt\/wp-content\/uploads\/2022\/09\/cropped-ETS-sprendimai_LOGO_1.png","contentUrl":"https:\/\/etssprendimai.lt\/wp-content\/uploads\/2022\/09\/cropped-ETS-sprendimai_LOGO_1.png","width":1678,"height":460,"caption":"Energijos taupymo servisas"},"image":{"@id":"https:\/\/etssprendimai.lt\/#\/schema\/logo\/image\/"}}]}},"_links":{"self":[{"href":"https:\/\/etssprendimai.lt\/index.php\/wp-json\/wp\/v2\/pages\/2218"}],"collection":[{"href":"https:\/\/etssprendimai.lt\/index.php\/wp-json\/wp\/v2\/pages"}],"about":[{"href":"https:\/\/etssprendimai.lt\/index.php\/wp-json\/wp\/v2\/types\/page"}],"author":[{"embeddable":true,"href":"https:\/\/etssprendimai.lt\/index.php\/wp-json\/wp\/v2\/users\/1"}],"replies":[{"embeddable":true,"href":"https:\/\/etssprendimai.lt\/index.php\/wp-json\/wp\/v2\/comments?post=2218"}],"version-history":[{"count":23,"href":"https:\/\/etssprendimai.lt\/index.php\/wp-json\/wp\/v2\/pages\/2218\/revisions"}],"predecessor-version":[{"id":2390,"href":"https:\/\/etssprendimai.lt\/index.php\/wp-json\/wp\/v2\/pages\/2218\/revisions\/2390"}],"wp:attachment":[{"href":"https:\/\/etssprendimai.lt\/index.php\/wp-json\/wp\/v2\/media?parent=2218"}],"curies":[{"name":"wp","href":"https:\/\/api.w.org\/{rel}","templated":true}]}}