{"id":2316,"date":"2021-09-14T13:47:49","date_gmt":"2021-09-14T13:47:49","guid":{"rendered":"http:\/\/wordpress.ets.pixinn.lt\/?page_id=2316"},"modified":"2021-09-14T13:47:51","modified_gmt":"2021-09-14T13:47:51","slug":"paslaugos-projektavimas-done","status":"publish","type":"page","link":"https:\/\/etssprendimai.lt\/index.php\/paslaugos-projektavimas-done\/","title":{"rendered":"Paslaugos &#8211; projektavimas (done)"},"content":{"rendered":"\t\t<div data-elementor-type=\"wp-page\" data-elementor-id=\"2316\" class=\"elementor elementor-2316\">\n\t\t\t\t\t\t<section class=\"elementor-section elementor-top-section elementor-element elementor-element-7b3f959 elementor-section-boxed elementor-section-height-default elementor-section-height-default\" data-id=\"7b3f959\" data-element_type=\"section\">\n\t\t\t\t\t\t<div class=\"elementor-container elementor-column-gap-wide\">\n\t\t\t\t\t<div class=\"elementor-column elementor-col-100 elementor-top-column elementor-element elementor-element-909cae1\" data-id=\"909cae1\" data-element_type=\"column\">\n\t\t\t<div class=\"elementor-widget-wrap elementor-element-populated\">\n\t\t\t\t\t\t<div class=\"elementor-element elementor-element-3409ffb elementor-widget elementor-widget-heading\" data-id=\"3409ffb\" data-element_type=\"widget\" data-widget_type=\"heading.default\">\n\t\t\t\t<div class=\"elementor-widget-container\">\n\t\t\t\t\t<h1 class=\"elementor-heading-title elementor-size-default\">APTARNAVIMAS<\/h1>\t\t\t\t<\/div>\n\t\t\t\t<\/div>\n\t\t\t\t\t<\/div>\n\t\t<\/div>\n\t\t\t\t\t<\/div>\n\t\t<\/section>\n\t\t\t\t<section class=\"elementor-section elementor-top-section elementor-element elementor-element-2cdf2a8 elementor-section-boxed elementor-section-height-default elementor-section-height-default\" data-id=\"2cdf2a8\" data-element_type=\"section\" data-settings=\"{&quot;background_background&quot;:&quot;classic&quot;}\">\n\t\t\t\t\t\t<div class=\"elementor-container elementor-column-gap-default\">\n\t\t\t\t\t<div class=\"elementor-column elementor-col-100 elementor-top-column elementor-element elementor-element-076c3d5\" data-id=\"076c3d5\" data-element_type=\"column\">\n\t\t\t<div class=\"elementor-widget-wrap elementor-element-populated\">\n\t\t\t\t\t\t<div class=\"elementor-element elementor-element-aee7e30 elementor-widget elementor-widget-text-editor\" data-id=\"aee7e30\" data-element_type=\"widget\" data-widget_type=\"text-editor.default\">\n\t\t\t\t<div class=\"elementor-widget-container\">\n\t\t\t\t\t\t\t\t\t<h3>Paslaugos\u200b<\/h3>\n\n\n<ul style=\"background-color: rgba(255, 255, 255, 0.37);\">\n \t<li>\n<h4>Elektros \u016bkio aptarnavimas: Elektros instaliacijos iki 1000V, elektros tinklo ir \u012frengini\u0173 iki 10 kV \u012ftampos eksploatavimo darbai;<\/h4>\n<\/li>\n \t<li>\n<h4>\u0160ilumos \u016bkio aptarnavimas: \u0160ilumos punkt\u0173 ir \u012frengini\u0173 automatikos ir valdymo sistem\u0173 eksploatavimo bei remonto darbai;<\/h4>\n<\/li>\n \t<li>\n<h4>Duj\u0173 \u016bkio aptarnavimas: Gamtini\u0173 ir suskystint\u0173 naftos skirstom\u0173j\u0173 ir vartotoj\u0173 dujotieki\u0173, dujini\u0173 prietais\u0173 ir technologini\u0173 \u012frengini\u0173 eksploatavimo, remonto, bandymo darbai;<\/h4>\n<\/li>\n \t<li>\n<h4>V\u0117dinimo ir kondicionavimo sistem\u0173 aptarnavimas<\/h4>\n<\/li>\n \t<li>\n<h4>Vandentiekio ir nuotek\u0173 sistem\u0173 aptarnavimas<\/h4>\n<\/li>\n \t<li>\n<h4>Gaisro signalizavimo ir gesinimo sistem\u0173 aptarnavimas<\/h4>\n<\/li>\n \t<li>\n<h4>Apsaugos signalizacijos, pra\u0117jimo kontrol\u0117s ir vaizdo steb\u0117jimo sistem\u0173 aptarnavimas<\/h4>\n<\/li>\n \t<li>\n<h4>Pastat\u0173 konstrukcij\u0173 technin\u0117 prie\u017ei\u016bra<\/h4>\n<\/li>\n<\/ul>\t\t\t\t\t\t\t\t<\/div>\n\t\t\t\t<\/div>\n\t\t\t\t\t<\/div>\n\t\t<\/div>\n\t\t\t\t\t<\/div>\n\t\t<\/section>\n\t\t\t\t<section class=\"elementor-section elementor-top-section elementor-element elementor-element-94908fd elementor-section-boxed elementor-section-height-default elementor-section-height-default\" data-id=\"94908fd\" data-element_type=\"section\">\n\t\t\t\t\t\t<div class=\"elementor-container elementor-column-gap-default\">\n\t\t\t\t\t<div class=\"elementor-column elementor-col-100 elementor-top-column elementor-element elementor-element-03a83da\" data-id=\"03a83da\" data-element_type=\"column\">\n\t\t\t<div class=\"elementor-widget-wrap elementor-element-populated\">\n\t\t\t\t\t\t<div class=\"elementor-element elementor-element-2d48997 elementor-widget elementor-widget-text-editor\" data-id=\"2d48997\" data-element_type=\"widget\" data-widget_type=\"text-editor.default\">\n\t\t\t\t<div class=\"elementor-widget-container\">\n\t\t\t\t\t\t\t\t\t<h3>Patirtis\u200b<\/h3>\n<ul style=\"background-color: rgba(255, 255, 255, 0.37);\">\n \t<li>\n<h4><span class=\"JsGRdQ\">Prekybin\u0117s paskirties pastatai:\u00a0<\/span><span class=\"JsGRdQ\">Prekybos centr\u0173 \u201e\u0160ilas\u201c tinklas (21 parduotuv\u0117) Kaune; Picerij\u0173 tinklas \u201eExpress Pizza\u201c (13 picerij\u0173) Kaune; Prekybos centras \u201eVilijampol\u0117s turgus\u201d Varni\u0173 g. 48C, Kaune; Prekybos ir paslaug\u0173 centras \u201cKonekesko\u201c Verslo g. 9, Kumpi\u0173 km., Kauno r.; Prekybos centras \u201cArmijai ir civiliams\u201d Pramon\u0117s pr. 8A, Kaunas;<\/span><\/h4>\n<\/li>\n \t<li>\n<h4><span class=\"JsGRdQ\">Administracin\u0117s paskirties pastatai:\u00a0<\/span><span class=\"JsGRdQ\">UAB Acme Grup\u0117, administracin\u0117s paskirties pastatai Jonavos g. 196, Savanoriu pr. 192, Raudondvario pl. 131B Kaune; Verslo centras<\/span>\u00a0<span class=\"JsGRdQ\">&#8220;1000 lit\u0173&#8221; Taikos pr. Kaune<\/span><\/h4>\n<\/li>\n \t<li>\n<h4><span class=\"JsGRdQ\">Sandeliavimo paskirties pastatai:\u00a0<\/span><span class=\"JsGRdQ\">NNL termo, \u0161aldyt\u0173 maisto produkt\u0173 logistikos sandeliai Pagiri\u0173 km, Garliavos sen., Kauno r.; ACC ir Acme sandeliavimo paskirties pastatai Jonavos g. 196, Raudondvario pl. 131B, Terminalo g. LEZ Kaune;<\/span><\/h4>\n<\/li>\n \t<li>\n<h4><span class=\"JsGRdQ\">Poilsio ir sveikatingumo paskirties pastatai:\u00a0<\/span><span class=\"JsGRdQ\">Royal SPA Hotel, vie\u0161butis su SPA, Pakaln\u0117s g. 3, Bir\u0161tonas; Saul\u0117s klinika Kaune<\/span><\/h4>\n<\/li>\n \t<li>\n<h4><span class=\"JsGRdQ\">Gamybin\u0117s paskirties pastatai:\u00a0<\/span><span class=\"JsGRdQ\">UAB \u201eKlingai\u201c, gamybos ir sandeliavimo pastatas Ekskavatorinink\u0173 1L, Kaunas; UAB &#8220;Kavos bankas&#8221;, gamybos ir sandeliavimo pastatai Ekskavatorinink\u0173 g. 1D, Kaunas;<\/span><\/h4>\n<\/li>\n \t<li>\n<h4><span class=\"JsGRdQ\">Savivaldyb\u0117s valdomi pastatai:\u00a0<\/span><span class=\"JsGRdQ\">Kauno r. Garliavos sporto ir kult\u016bros centras, Vasario 16-osios g. 8, Garliava, Kauno r.; Kauno rajono Socialini\u0173 paslaug\u0173 centras, E\u017eero g. 3, Kaunas<\/span><\/h4>\n<\/li>\n<\/ul>\t\t\t\t\t\t\t\t<\/div>\n\t\t\t\t<\/div>\n\t\t\t\t<div class=\"elementor-element elementor-element-1be3594 elementor-widget elementor-widget-spacer\" data-id=\"1be3594\" data-element_type=\"widget\" data-widget_type=\"spacer.default\">\n\t\t\t\t<div class=\"elementor-widget-container\">\n\t\t\t\t\t\t\t<div class=\"elementor-spacer\">\n\t\t\t<div class=\"elementor-spacer-inner\"><\/div>\n\t\t<\/div>\n\t\t\t\t\t\t<\/div>\n\t\t\t\t<\/div>\n\t\t\t\t\t<\/div>\n\t\t<\/div>\n\t\t\t\t\t<\/div>\n\t\t<\/section>\n\t\t\t\t<\/div>\n\t\t","protected":false},"excerpt":{"rendered":"<p>Vidaus elektros instaliacija;<br \/>\nLauko elektros tinklai iki 10kV;<br \/>\nVidaus elektroniniai ry\u0161iai;<br \/>\nLauko elektroniniai ry\u0161iai;<br \/>\nApsaugin\u0117s ir gaisrin\u0117s saugos signalizacijos;<br \/>\nProces\u0173 valdymo ir automatizavimo sistemos;<\/p>\n","protected":false},"author":1,"featured_media":0,"parent":0,"menu_order":0,"comment_status":"closed","ping_status":"closed","template":"template-fullwidth.php","meta":{"footnotes":""},"yoast_head":"<!-- This site is optimized with the Yoast SEO plugin v21.3 - https:\/\/yoast.com\/wordpress\/plugins\/seo\/ -->\n<title>Paslaugos - projektavimas (done) - Energijos taupymo servisas<\/title>\n<meta name=\"robots\" content=\"index, follow, max-snippet:-1, max-image-preview:large, max-video-preview:-1\" \/>\n<link rel=\"canonical\" href=\"https:\/\/etssprendimai.lt\/index.php\/paslaugos-projektavimas-done\/\" \/>\n<meta property=\"og:locale\" content=\"en_GB\" \/>\n<meta property=\"og:type\" content=\"article\" \/>\n<meta property=\"og:title\" content=\"Paslaugos - projektavimas (done) - Energijos taupymo servisas\" \/>\n<meta property=\"og:description\" content=\"Vidaus elektros instaliacija; Lauko elektros tinklai iki 10kV; Vidaus elektroniniai ry\u0161iai; Lauko elektroniniai ry\u0161iai; Apsaugin\u0117s ir gaisrin\u0117s saugos signalizacijos; Proces\u0173 valdymo ir automatizavimo sistemos;\" \/>\n<meta property=\"og:url\" content=\"https:\/\/etssprendimai.lt\/index.php\/paslaugos-projektavimas-done\/\" \/>\n<meta property=\"og:site_name\" content=\"Energijos taupymo servisas\" \/>\n<meta property=\"article:modified_time\" content=\"2021-09-14T13:47:51+00:00\" \/>\n<meta name=\"twitter:card\" content=\"summary_large_image\" \/>\n<meta name=\"twitter:label1\" content=\"Estimated reading time\" \/>\n\t<meta name=\"twitter:data1\" content=\"1 minute\" \/>\n<script type=\"application\/ld+json\" class=\"yoast-schema-graph\">{\"@context\":\"https:\/\/schema.org\",\"@graph\":[{\"@type\":\"WebPage\",\"@id\":\"https:\/\/etssprendimai.lt\/index.php\/paslaugos-projektavimas-done\/\",\"url\":\"https:\/\/etssprendimai.lt\/index.php\/paslaugos-projektavimas-done\/\",\"name\":\"Paslaugos - projektavimas (done) - Energijos taupymo servisas\",\"isPartOf\":{\"@id\":\"https:\/\/etssprendimai.lt\/#website\"},\"datePublished\":\"2021-09-14T13:47:49+00:00\",\"dateModified\":\"2021-09-14T13:47:51+00:00\",\"breadcrumb\":{\"@id\":\"https:\/\/etssprendimai.lt\/index.php\/paslaugos-projektavimas-done\/#breadcrumb\"},\"inLanguage\":\"en-GB\",\"potentialAction\":[{\"@type\":\"ReadAction\",\"target\":[\"https:\/\/etssprendimai.lt\/index.php\/paslaugos-projektavimas-done\/\"]}]},{\"@type\":\"BreadcrumbList\",\"@id\":\"https:\/\/etssprendimai.lt\/index.php\/paslaugos-projektavimas-done\/#breadcrumb\",\"itemListElement\":[{\"@type\":\"ListItem\",\"position\":1,\"name\":\"Home\",\"item\":\"https:\/\/etssprendimai.lt\/\"},{\"@type\":\"ListItem\",\"position\":2,\"name\":\"Paslaugos &#8211; projektavimas (done)\"}]},{\"@type\":\"WebSite\",\"@id\":\"https:\/\/etssprendimai.lt\/#website\",\"url\":\"https:\/\/etssprendimai.lt\/\",\"name\":\"Energijos taupymo servisas\",\"description\":\"\",\"publisher\":{\"@id\":\"https:\/\/etssprendimai.lt\/#organization\"},\"potentialAction\":[{\"@type\":\"SearchAction\",\"target\":{\"@type\":\"EntryPoint\",\"urlTemplate\":\"https:\/\/etssprendimai.lt\/?s={search_term_string}\"},\"query-input\":\"required name=search_term_string\"}],\"inLanguage\":\"en-GB\"},{\"@type\":\"Organization\",\"@id\":\"https:\/\/etssprendimai.lt\/#organization\",\"name\":\"Energijos taupymo servisas\",\"url\":\"https:\/\/etssprendimai.lt\/\",\"logo\":{\"@type\":\"ImageObject\",\"inLanguage\":\"en-GB\",\"@id\":\"https:\/\/etssprendimai.lt\/#\/schema\/logo\/image\/\",\"url\":\"https:\/\/etssprendimai.lt\/wp-content\/uploads\/2022\/09\/cropped-ETS-sprendimai_LOGO_1.png\",\"contentUrl\":\"https:\/\/etssprendimai.lt\/wp-content\/uploads\/2022\/09\/cropped-ETS-sprendimai_LOGO_1.png\",\"width\":1678,\"height\":460,\"caption\":\"Energijos taupymo servisas\"},\"image\":{\"@id\":\"https:\/\/etssprendimai.lt\/#\/schema\/logo\/image\/\"}}]}<\/script>\n<!-- \/ Yoast SEO plugin. -->","yoast_head_json":{"title":"Paslaugos - projektavimas (done) - Energijos taupymo servisas","robots":{"index":"index","follow":"follow","max-snippet":"max-snippet:-1","max-image-preview":"max-image-preview:large","max-video-preview":"max-video-preview:-1"},"canonical":"https:\/\/etssprendimai.lt\/index.php\/paslaugos-projektavimas-done\/","og_locale":"en_GB","og_type":"article","og_title":"Paslaugos - projektavimas (done) - Energijos taupymo servisas","og_description":"Vidaus elektros instaliacija; Lauko elektros tinklai iki 10kV; Vidaus elektroniniai ry\u0161iai; Lauko elektroniniai ry\u0161iai; Apsaugin\u0117s ir gaisrin\u0117s saugos signalizacijos; Proces\u0173 valdymo ir automatizavimo sistemos;","og_url":"https:\/\/etssprendimai.lt\/index.php\/paslaugos-projektavimas-done\/","og_site_name":"Energijos taupymo servisas","article_modified_time":"2021-09-14T13:47:51+00:00","twitter_card":"summary_large_image","twitter_misc":{"Estimated reading time":"1 minute"},"schema":{"@context":"https:\/\/schema.org","@graph":[{"@type":"WebPage","@id":"https:\/\/etssprendimai.lt\/index.php\/paslaugos-projektavimas-done\/","url":"https:\/\/etssprendimai.lt\/index.php\/paslaugos-projektavimas-done\/","name":"Paslaugos - projektavimas (done) - Energijos taupymo servisas","isPartOf":{"@id":"https:\/\/etssprendimai.lt\/#website"},"datePublished":"2021-09-14T13:47:49+00:00","dateModified":"2021-09-14T13:47:51+00:00","breadcrumb":{"@id":"https:\/\/etssprendimai.lt\/index.php\/paslaugos-projektavimas-done\/#breadcrumb"},"inLanguage":"en-GB","potentialAction":[{"@type":"ReadAction","target":["https:\/\/etssprendimai.lt\/index.php\/paslaugos-projektavimas-done\/"]}]},{"@type":"BreadcrumbList","@id":"https:\/\/etssprendimai.lt\/index.php\/paslaugos-projektavimas-done\/#breadcrumb","itemListElement":[{"@type":"ListItem","position":1,"name":"Home","item":"https:\/\/etssprendimai.lt\/"},{"@type":"ListItem","position":2,"name":"Paslaugos &#8211; projektavimas (done)"}]},{"@type":"WebSite","@id":"https:\/\/etssprendimai.lt\/#website","url":"https:\/\/etssprendimai.lt\/","name":"Energijos taupymo servisas","description":"","publisher":{"@id":"https:\/\/etssprendimai.lt\/#organization"},"potentialAction":[{"@type":"SearchAction","target":{"@type":"EntryPoint","urlTemplate":"https:\/\/etssprendimai.lt\/?s={search_term_string}"},"query-input":"required name=search_term_string"}],"inLanguage":"en-GB"},{"@type":"Organization","@id":"https:\/\/etssprendimai.lt\/#organization","name":"Energijos taupymo servisas","url":"https:\/\/etssprendimai.lt\/","logo":{"@type":"ImageObject","inLanguage":"en-GB","@id":"https:\/\/etssprendimai.lt\/#\/schema\/logo\/image\/","url":"https:\/\/etssprendimai.lt\/wp-content\/uploads\/2022\/09\/cropped-ETS-sprendimai_LOGO_1.png","contentUrl":"https:\/\/etssprendimai.lt\/wp-content\/uploads\/2022\/09\/cropped-ETS-sprendimai_LOGO_1.png","width":1678,"height":460,"caption":"Energijos taupymo servisas"},"image":{"@id":"https:\/\/etssprendimai.lt\/#\/schema\/logo\/image\/"}}]}},"_links":{"self":[{"href":"https:\/\/etssprendimai.lt\/index.php\/wp-json\/wp\/v2\/pages\/2316"}],"collection":[{"href":"https:\/\/etssprendimai.lt\/index.php\/wp-json\/wp\/v2\/pages"}],"about":[{"href":"https:\/\/etssprendimai.lt\/index.php\/wp-json\/wp\/v2\/types\/page"}],"author":[{"embeddable":true,"href":"https:\/\/etssprendimai.lt\/index.php\/wp-json\/wp\/v2\/users\/1"}],"replies":[{"embeddable":true,"href":"https:\/\/etssprendimai.lt\/index.php\/wp-json\/wp\/v2\/comments?post=2316"}],"version-history":[{"count":2,"href":"https:\/\/etssprendimai.lt\/index.php\/wp-json\/wp\/v2\/pages\/2316\/revisions"}],"predecessor-version":[{"id":2664,"href":"https:\/\/etssprendimai.lt\/index.php\/wp-json\/wp\/v2\/pages\/2316\/revisions\/2664"}],"wp:attachment":[{"href":"https:\/\/etssprendimai.lt\/index.php\/wp-json\/wp\/v2\/media?parent=2316"}],"curies":[{"name":"wp","href":"https:\/\/api.w.org\/{rel}","templated":true}]}}